{"id":41,"date":"2020-04-26T19:24:46","date_gmt":"2020-04-26T19:24:46","guid":{"rendered":"http:\/\/cov19.local\/?page_id=41"},"modified":"2023-11-08T13:39:17","modified_gmt":"2023-11-08T13:39:17","slug":"hakkimizda","status":"publish","type":"page","link":"https:\/\/www.muchbettertravel.com\/de\/hakkimizda\/","title":{"rendered":"\u00dcber uns"},"content":{"rendered":"<div class=\"vc_row wpb_row vc_row-fluid secondary-bg vc_custom_1598299803621 vc_row-has-fill vc_row-o-content-middle vc_row-flex\" style=\"position:relative;z-index:2\"><div class=\"wpb_column vc_column_container vc_col-sm-2\" style=\"position:relative\"><div class=\"vc_column-inner\"><div class=\"wpb_wrapper\"><\/div><\/div><\/div><div class=\"wpb_column vc_column_container vc_col-sm-8\" style=\"position:relative\"><div class=\"vc_column-inner\"><div class=\"wpb_wrapper\"><div class=\"vc_empty_space\"   style=\"height: 32px\"><span class=\"vc_empty_space_inner\"><\/span><\/div>\n\t<div class=\"wpb_text_column wpb_content_element  vc_custom_1698237706154\" >\n\t\t<div class=\"wpb_wrapper\">\n\t\t\t<h1 style=\"text-align: center;\"><span style=\"color: #ffffff;\">Much Better Best For You<\/span><\/h1>\n\n\t\t<\/div>\n\t<\/div>\n<div class=\"vc_empty_space\"   style=\"height: 32px\"><span class=\"vc_empty_space_inner\"><\/span><\/div><\/div><\/div><\/div><div class=\"wpb_column vc_column_container vc_col-sm-2\" style=\"position:relative\"><div class=\"vc_column-inner\"><div class=\"wpb_wrapper\"><\/div><\/div><\/div><\/div><div data-vc-full-width=\"true\" data-vc-full-width-init=\"false\" class=\"vc_row wpb_row vc_row-fluid mobile-tb-spacing vc_custom_1592740391911 vc_row-has-fill vc_column-gap-30 vc_row-o-equal-height vc_row-flex\" style=\"position:relative\"><div class=\"wpb_column vc_column_container vc_col-sm-12\" style=\"position:relative\"><div class=\"vc_column-inner\"><div class=\"wpb_wrapper\"><div class=\"imi-spacer\" id=\"imi-spacer-69e096e43b52b\" data-spacer-id=\"imi-spacer-69e096e43b52b\" data-spacer-lg=\"135px\" data-spacer-md=\"135px\" data-spacer-sm=\"95px\" data-spacer-xs=\"85px\"><\/div><\/div><\/div><\/div><div class=\"no-mobile-border wpb_column vc_column_container vc_col-sm-12\" style=\"position:relative\"><div class=\"vc_column-inner vc_custom_1662209228177\"><div class=\"wpb_wrapper\"><h6 style=\"text-align: left\" class=\"vc_custom_heading secondary-color sub-heading vc_custom_1698237792599\" >MUCH BETTER TRAVEL<\/h6><h2 style=\"text-align: left\" class=\"vc_custom_heading\" >\u00dcBER UNS<\/h2><div class=\"vc_row wpb_row vc_inner vc_row-fluid\"><div class=\"wpb_column vc_column_container vc_col-sm-6\"><div class=\"vc_column-inner\"><div class=\"wpb_wrapper\">\n\t<div class=\"wpb_text_column wpb_content_element\" >\n\t\t<div class=\"wpb_wrapper\">\n\t\t\t<p style=\"text-align: justify;\" class=\" translation-block\"><strong>MUCH BETTER TRAVEL<\/strong> ist ein <strong>RE\u0130SEB\u00dcRO<\/strong> mit Sitz in ANTALYA\/T\u00dcRKEI, das Mitglied des <strong>T\u00dcRSAB (Verband der t\u00fcrkischen Reiseb\u00fcros)<\/strong> mit der Dokumentennummer 14112 und des <strong>BESCHEINIGUNG \u00dcBER DIE GENEHMIGUNG DES INTERNATIONALEN GESUNDHEITSTOURISMUS<\/strong> mit der Dokumentennummer AK-0734 ist, das vom Gesundheitsministerium der Republik T\u00fcrkei genehmigt wurde.  Das im Jahr 2022 gegr\u00fcndete Unternehmen <strong>MUCH BETTER TRAVEL<\/strong> hat seine Zukunftsvision festgelegt, indem es die Erfahrung seiner professionellen Mitarbeiter unter einem Dach vereint. Das prim\u00e4re Ziel ist es, eine internationale, beispielhafte Marke zu werden, die den Anforderungen unserer Zeit entspricht.<\/p>\n<p style=\"text-align: justify;\" class=\" translation-block\"><strong>MUCHBETTER TRAVEL<\/strong>\u2018in hizmet alan\u0131, b\u00fct\u00fcn seyahat acentelerinde oldu\u011fu gibi insana dair her \u015feyi kapsar. Amac\u0131, en iyi hizmeti insanlara sunmakt\u0131r.<\/p>\n<p style=\"text-align: justify;\" class=\" translation-block\"><strong>MUCHBETTER TRAVEL<\/strong> arbeitet bei der Auswahl der Gesch\u00e4ftspartner mit den Besten in allen Bereichen zusammen. Alle unsere Gesch\u00e4ftspartner werden sowohl von anderen Institutionen und Organisationen in ihrem Bereich als auch von denjenigen, die ihre Dienstleistungen in Anspruch nehmen, am meisten gesch\u00e4tzt.<\/p>\n<p style=\"text-align: justify;\" class=\" translation-block\">Die Priorit\u00e4t unserer Agentur ist die Zufriedenheit der Menschen. Jede Person, die unsere Dienste in Anspruch nimmt, f\u00fchlt sich von Anfang bis Ende in sicheren und kompetenten H\u00e4nden. Indem wir unsere speziell erstellten Einsatzberichte mit gro\u00dfer Sorgfalt befolgen, geben wir denen, die von uns etwas erwarten, \"<strong>viel besser<\/strong>\", als sie denken.<\/p>\n\n\t\t<\/div>\n\t<\/div>\n<\/div><\/div><\/div><div class=\"wpb_column vc_column_container vc_col-sm-6\"><div class=\"vc_column-inner\"><div class=\"wpb_wrapper\">\n\t<div class=\"wpb_text_column wpb_content_element\" >\n\t\t<div class=\"wpb_wrapper\">\n\t\t\t<p style=\"text-align: justify;\" class=\" translation-block\">Wir sind rund um die Uhr erreichbar, von der ersten Begegnung bis zum letzten Moment, auch f\u00fcr eventuelle zuk\u00fcnftige Organisationen, alle Arten von Kommunikation und aktuelle Informations\u00fcbermittlung stehen offen. Denn als Gegenleistung f\u00fcr die von uns geleistete Arbeit erwarten wir, dass wir nicht nur einmal, sondern viele Male dienen k\u00f6nnen.<\/p>\n\n\t\t<\/div>\n\t<\/div>\n<div class=\"vc_empty_space\"   style=\"height: 32px\"><span class=\"vc_empty_space_inner\"><\/span><\/div>\n\t<div class=\"wpb_text_column wpb_content_element\" >\n\t\t<div class=\"wpb_wrapper\">\n\t\t\t<p><strong>Unsere Dienstleistungen<\/strong><\/p>\n<ul>\n<li>Gesundheitstourismus<\/li>\n<li>Sporttourismus<\/li>\n<li>Vip-\u00dcbertragung<\/li>\n<li>Touren<\/li>\n<li>Beratungsdienste<\/li>\n<li>Visa-Verfahren<\/li>\n<li>Flugticket<\/li>\n<li>Unterkunft und Buchung<\/li>\n<li>Ferienpakete<\/li>\n<li>Fr\u00fchzeitige Buchung<\/li>\n<\/ul>\n\n\t\t<\/div>\n\t<\/div>\n<\/div><\/div><\/div><\/div><\/div><\/div><\/div><\/div><div class=\"vc_row-full-width vc_clearfix\"><\/div><div data-vc-full-width=\"true\" data-vc-full-width-init=\"false\" class=\"vc_row wpb_row vc_row-fluid mobile-tb-spacing vc_custom_1662208607818 vc_row-has-fill\" style=\"position:relative\"><div class=\"wpb_column vc_column_container vc_col-sm-12\" style=\"position:relative\"><div class=\"vc_column-inner\"><div class=\"wpb_wrapper\"><div class=\"imi-spacer\" id=\"imi-spacer-69e096e43d142\" data-spacer-id=\"imi-spacer-69e096e43d142\" data-spacer-lg=\"100px\" data-spacer-md=\"100px\" data-spacer-sm=\"60px\" data-spacer-xs=\"100px\"><\/div><div class=\"vc_row wpb_row vc_inner vc_row-fluid\"><div class=\"wpb_column vc_column_container vc_col-sm-2 vc_hidden-sm vc_hidden-xs\"><div class=\"vc_column-inner\"><div class=\"wpb_wrapper\"><\/div><\/div><\/div><div class=\"wpb_column vc_column_container vc_col-sm-12 vc_col-lg-8 vc_col-md-8\"><div class=\"vc_column-inner\"><div class=\"wpb_wrapper\"><h6 style=\"text-align: center\" class=\"vc_custom_heading secondary-color sub-heading vc_custom_1661866800021\" >DIENSTLEISTUNGEN<\/h6><h2 style=\"text-align: center\" class=\"vc_custom_heading vc_custom_1662198971608\" >Was k\u00f6nnen wir f\u00fcr Sie tun?<\/h2><\/div><\/div><\/div><div class=\"wpb_column vc_column_container vc_col-sm-2 vc_hidden-sm vc_hidden-xs\"><div class=\"vc_column-inner\"><div class=\"wpb_wrapper\"><\/div><\/div><\/div><\/div><div id=\"imi-cards__element_69e096e43dbd7\" class=\"sort-destination-parent card-title-over-image border-radius-items border-radius-5px shadow-border-style      custom-bg-style  owl-padded\" ><div class=\"carousel-wrapper\"><div class=\"imi-styled-row\"><ul class=\"owl-carousel equal-heighter carousel-fw class-carousel\" data-columns=\"3\" data-autoplay=\"no\" data-autoplay-timeout=\"\" data-pagination=\"no\" data-arrows=\"yes\" data-auto-height=\"no\" data-rtl=\"no\" data-loop=\"no\" data-margin=\"40\" data-columns-desktop=\"3\" data-columns-tab=\"2\" data-columns-mobile=\"1\"><li class=\"item site-item si-animate-top\">\n\t\t\t\t\t\t\t\t\t\t<div class=\"bg-style-target grid-item card-grid-item card-item card-carousel-item border-style-target border-radius-target format-standard\"><div class=\"card-media imi-item-media\"><img loading=\"lazy\" decoding=\"async\" class=\"\" src=\"https:\/\/www.muchbettertravel.com\/wp-content\/uploads\/2022\/09\/saglik-planlama-500x300.webp\" width=\"500\" height=\"300\" alt=\"saglik-planlama\" title=\"saglik-planlama\" \/><\/div><div class=\"card-info-static equal-height-column post-item-content\" style=\"background-color:rgba(255,255,255,0.85)\"><h4 class=\"card-title\" >Pers\u00f6nliche Gesundheitsplanung<\/h4><div class=\"card-excerpt\"  style=\"\">Ihr Berater organisiert die Daten \u00fcber Ihre pers\u00f6nliche Gesundheit.<\/div><\/div><a href=\"\" class=\"stretched-link stretched-link-hw0\">Link<\/a><\/div><\/li><li class=\"item site-item si-animate-top\">\n\t\t\t\t\t\t\t\t\t\t<div class=\"bg-style-target grid-item card-grid-item card-item card-carousel-item border-style-target border-radius-target format-standard\"><div class=\"card-media imi-item-media\"><img loading=\"lazy\" decoding=\"async\" class=\"\" src=\"https:\/\/www.muchbettertravel.com\/wp-content\/uploads\/2022\/09\/etkinlik-ve-organizasyon-500x300.webp\" width=\"500\" height=\"300\" alt=\"etkinlik-ve-organizasyon\" title=\"etkinlik-ve-organizasyon\" \/><\/div><div class=\"card-info-static equal-height-column post-item-content\" style=\"background-color:rgba(255,255,255,0.85)\"><h4 class=\"card-title\" >Planung von Veranstaltungen<\/h4><div class=\"card-excerpt\"  style=\"\">Wir sorgen daf\u00fcr, dass Sie Ihre Reise mit unseren Aktivit\u00e4ten und Touren genie\u00dfen k\u00f6nnen.<\/div><\/div><\/div><\/li><li class=\"item site-item si-animate-top\">\n\t\t\t\t\t\t\t\t\t\t<div class=\"bg-style-target grid-item card-grid-item card-item card-carousel-item border-style-target border-radius-target format-standard\"><div class=\"card-media imi-item-media\"><img loading=\"lazy\" decoding=\"async\" class=\"\" src=\"https:\/\/www.muchbettertravel.com\/wp-content\/uploads\/2022\/09\/vip-transfer-500x300.webp\" width=\"500\" height=\"300\" alt=\"vip-transfer\" title=\"vip-transfer\" \/><\/div><div class=\"card-info-static equal-height-column post-item-content\" style=\"background-color:rgba(255,255,255,0.85)\"><h4 class=\"card-title\" >Vip-\u00dcbertragung<\/h4><div class=\"card-excerpt\"  style=\"\">Wir tun unser Bestes, damit Sie sich wie ein K\u00f6nig f\u00fchlen.<\/div><\/div><\/div><\/li><\/ul><\/div><\/div><\/div><div class=\"imi-spacer\" id=\"imi-spacer-69e096e43edd1\" data-spacer-id=\"imi-spacer-69e096e43edd1\" data-spacer-lg=\"120px\" data-spacer-md=\"120px\" data-spacer-sm=\"90px\" data-spacer-xs=\"70px\"><\/div><\/div><\/div><\/div><\/div><div class=\"vc_row-full-width vc_clearfix\"><\/div><div data-vc-full-width=\"true\" data-vc-full-width-init=\"false\" class=\"vc_row wpb_row vc_row-fluid accent-bg mobile-tb-spacing vc_custom_1662208633562 vc_row-has-fill\" style=\"position:relative\"><div class=\"wpb_column vc_column_container vc_col-sm-12\" style=\"position:relative\"><div class=\"vc_column-inner\"><div class=\"wpb_wrapper\"><div class=\"imi-spacer\" id=\"imi-spacer-69e096e43f3b1\" data-spacer-id=\"imi-spacer-69e096e43f3b1\" data-spacer-lg=\"113px\" data-spacer-md=\"113px\" data-spacer-sm=\"83px\" data-spacer-xs=\"63px\"><\/div><h6 style=\"text-align: center\" class=\"vc_custom_heading secondary-color sub-heading vc_custom_1661867129965\" >UNSERE GESCH\u00c4FTSPARTNER<\/h6><h2 style=\"text-align: center\" class=\"vc_custom_heading vc_custom_1661867144540\" >MIT WEM WIR ARBEITEN<\/h2><div class=\"imi-spacer\" id=\"imi-spacer-69e096e43f7b5\" data-spacer-id=\"imi-spacer-69e096e43f7b5\" data-spacer-lg=\"60px\" data-spacer-md=\"60px\" data-spacer-sm=\"30px\" data-spacer-xs=\"20px\"><\/div><div id=\"imi-carousel__element_69e096e43f8d2\" class=\"owl-no-padding-class\"><div class=\"carousel-wrapper\"><div class=\"equal-heighter\"><ul class=\"owl-carousel carousel-fw imi-logo-carousel\" data-columns=\"5\" data-autoplay=\"yes\" data-autoplay-timeout=\"2000\" data-pagination=\"no\" data-arrows=\"yes\" data-auto-height=\"no\" data-rtl=\"no\" data-loop=\"yes\" data-margin=\"25\" data-columns-desktop=\"3\" data-columns-tab=\"3\" data-columns-mobile=\"2\"><li class=\"item\"><div class=\"logo-carousel-item equal-height-column\"><div><div><img loading=\"lazy\" decoding=\"async\" class=\"\" src=\"https:\/\/www.muchbettertravel.com\/wp-content\/uploads\/2022\/12\/dunyagoz.png\" width=\"150\" height=\"150\" alt=\"dunyagoz\" title=\"dunyagoz\" \/><\/div><\/div><\/div><\/li><li class=\"item\"><div class=\"logo-carousel-item equal-height-column\"><div><div><img loading=\"lazy\" decoding=\"async\" class=\"\" src=\"https:\/\/www.muchbettertravel.com\/wp-content\/uploads\/2022\/12\/medicalpark.png\" width=\"150\" height=\"150\" alt=\"medicalpark\" title=\"medicalpark\" \/><\/div><\/div><\/div><\/li><li class=\"item\"><div class=\"logo-carousel-item equal-height-column\"><div><div><img loading=\"lazy\" decoding=\"async\" class=\"\" src=\"https:\/\/www.muchbettertravel.com\/wp-content\/uploads\/2022\/12\/memorial.png\" width=\"150\" height=\"150\" alt=\"memorial\" title=\"memorial\" \/><\/div><\/div><\/div><\/li><li class=\"item\"><div class=\"logo-carousel-item equal-height-column\"><div><div><img loading=\"lazy\" decoding=\"async\" class=\"\" src=\"https:\/\/www.muchbettertravel.com\/wp-content\/uploads\/2023\/03\/anat.png\" width=\"150\" height=\"150\" alt=\"anat\" title=\"anat\" \/><\/div><\/div><\/div><\/li><\/ul><\/div><\/div><\/div><div class=\"vc_empty_space\"   style=\"height: 64px\"><span class=\"vc_empty_space_inner\"><\/span><\/div><\/div><\/div><\/div><\/div><div class=\"vc_row-full-width vc_clearfix\"><\/div>","protected":false},"excerpt":{"rendered":"Much Better Best For You MUCH BETTER TRAVELHAKKIMIZDA MUCH BETTER TRAVEL\u00a0, 14112 belge no ile\u00a0T\u00dcRSAB (T\u00fcrkiye Seyahat Acentalar\u0131 Birli\u011fi) \u00fcyeli\u011fine ve T.C Sa\u011fl\u0131k Bakanl\u0131\u011f\u0131ndan onayl\u0131 , AK-0734 belge no ile ULUSLARARASI SA\u011eLIK TUR\u0130ZM\u0130 YETK\u0130 BELGES\u0130'ne sahip , ANTALYA\/T\u00dcRK\u0130YE merkezli bir SEYAHAT ACENTASI'd\u0131r. 2022 y\u0131l\u0131nda kurulan MUCH BETTER TRAVEL profesyonellerden olu\u015fan kadrosunun deneyimlerinin bir \u00e7at\u0131 alt\u0131nda toplanmas\u0131yla gelecek vizyonunu belirlemi\u015ftir. \u00c7a\u011f\u0131m\u0131z\u0131n gereklerine uygun, uluslararas\u0131 \u00f6rnek bir marka olmak birincil hedefidir. MUCH BETTER TRAVEL'in hizmet alan\u0131, b\u00fct\u00fcn seyahat acentelerinde oldu\u011fu gibi insana dair her \u015feyi kapsar. Amac\u0131, en iyi hizmeti insanlara sunmakt\u0131r. MUCH BETTER TRAVEL, i\u015f ortaklar\u0131 se\u00e7iminde t\u00fcm sekt\u00f6rlerin en iyileri ile \u00e7al\u0131\u015fmaktad\u0131r. B\u00fct\u00fcn i\u015f ortaklar\u0131m\u0131z hem sekt\u00f6rlerindeki di\u011fer kurum ve kurulu\u015flar hem de onlardan hizmet alanlar taraf\u0131ndan en \u00e7ok be\u011fenilenlerdir. MUCH BETTER TRAVEL acentesinin \u00f6nceli\u011fi insan memnuniyetidir. Hizmet alan her birey ba\u015f\u0131ndan sonuna g\u00fcvenli ve i\u015finde uzman ellerde oldu\u011funu hisseder. \u00d6zel olarak haz\u0131rlanm\u0131\u015f operasyon dosyalar\u0131m\u0131z\u0131 b\u00fcy\u00fck bir titizlikle takip ederek bizden beklentide bulunanlara hayal ettiklerinden (acentemizin isminin de anlatt\u0131\u011f\u0131 gibi) ''\u00c7OK DAHA \u0130Y\u0130''sini veririz. \u0130lk kar\u015f\u0131la\u015fmadan son ana kadar 7\/24 eri\u015filebiliriz, hatta gelecekteki muhtemel organizasyonlar i\u00e7in her t\u00fcrl\u00fc ileti\u015fim ve g\u00fcncel bilgi aktar\u0131m kanallar\u0131m\u0131z a\u00e7\u0131kt\u0131r. \u00c7\u00fcnk\u00fc, yapt\u0131\u011f\u0131m\u0131z i\u015fin kar\u015f\u0131l\u0131\u011f\u0131 olarak beklentimiz bir kez de\u011fil 'bir \u00e7ok kez hizmet verebilmek de\u011fil ''B\u0130R \u00c7OK KEZ'' hizmet verebilme mutlulu\u011funa sahip olmak ve gururunu hissetmektir. Hizmetlerimiz: Sa\u011fl\u0131k Turizmi Spor Turizmi Vip Transfer \u00d6zel Turlar Rehberlik Hizmetleri Vize \u0130\u015flemleri U\u00e7ak Bileti Konaklama ve Rezervasyon Otel ve Tatil Paketleri Erken Rezervasyon SERV\u0130SLER\u0130M\u0130ZSizin \u0130\u00e7in Neler Yapabiliriz? Ki\u015fisel Sa\u011fl\u0131k PlanlamaDan\u0131\u015fman\u0131n\u0131z ki\u015fisel sa\u011fl\u0131\u011f\u0131n\u0131zla ilgili detaylar\u0131 d\u00fczenler.Link Etkinlik PlanlamaSeyahatiniz boyunca etkinlik ve turlar\u0131m\u0131zla keyif alman\u0131z\u0131 sa\u011flar\u0131z. Vip TransferlerKendinizi krallar gibi hissetmeniz i\u00e7in elimizden geleni yap\u0131yoruz.\u0130\u015e ORTAKLARIMIZK\u0130MLERLE \u00c7ALI\u015eIYORUZ","protected":false},"author":1,"featured_media":0,"parent":0,"menu_order":0,"comment_status":"closed","ping_status":"closed","template":"","meta":{"footnotes":""},"class_list":["post-41","page","type-page","status-publish","hentry"],"yoast_head":"<!-- This site is optimized with the Yoast SEO plugin v23.4 - https:\/\/yoast.com\/wordpress\/plugins\/seo\/ -->\n<title>Hakk\u0131m\u0131zda - Much Better<\/title>\n<meta name=\"description\" content=\"Hakk\u0131m\u0131zda Much Better Travel Much Better \u0437\u0443\u0431 \u0438\u043c\u043f\u043b\u0430\u043d\u0442 \u0437\u0443\u0431\u0430 - Dental crown tooth -\" \/>\n<meta name=\"robots\" content=\"index, follow, max-snippet:-1, max-image-preview:large, max-video-preview:-1\" \/>\n<link rel=\"canonical\" href=\"https:\/\/www.muchbettertravel.com\/de\/hakkimizda\/\" \/>\n<meta property=\"og:locale\" content=\"de_DE\" \/>\n<meta property=\"og:type\" content=\"article\" \/>\n<meta property=\"og:title\" content=\"Hakk\u0131m\u0131zda - Much Better\" \/>\n<meta property=\"og:description\" content=\"Hakk\u0131m\u0131zda Much Better Travel Much Better \u0437\u0443\u0431 \u0438\u043c\u043f\u043b\u0430\u043d\u0442 \u0437\u0443\u0431\u0430 - Dental crown tooth -\" \/>\n<meta property=\"og:url\" content=\"https:\/\/www.muchbettertravel.com\/de\/hakkimizda\/\" \/>\n<meta property=\"og:site_name\" content=\"Much Better\" \/>\n<meta property=\"article:publisher\" content=\"https:\/\/www.facebook.com\/muchbettertravels\" \/>\n<meta property=\"article:modified_time\" content=\"2023-11-08T13:39:17+00:00\" \/>\n<meta name=\"twitter:card\" content=\"summary_large_image\" \/>\n<meta name=\"twitter:site\" content=\"@muchbettertravl\" \/>\n<meta name=\"twitter:label1\" content=\"Gesch\u00e4tzte Lesezeit\" \/>\n\t<meta name=\"twitter:data1\" content=\"6\u00a0Minuten\" \/>\n<script type=\"application\/ld+json\" class=\"yoast-schema-graph\">{\"@context\":\"https:\/\/schema.org\",\"@graph\":[{\"@type\":\"WebPage\",\"@id\":\"https:\/\/www.muchbettertravel.com\/hakkimizda\/\",\"url\":\"https:\/\/www.muchbettertravel.com\/hakkimizda\/\",\"name\":\"Hakk\u0131m\u0131zda - Much Better\",\"isPartOf\":{\"@id\":\"https:\/\/www.muchbettertravel.com\/tr\/#website\"},\"datePublished\":\"2020-04-26T19:24:46+00:00\",\"dateModified\":\"2023-11-08T13:39:17+00:00\",\"description\":\"Hakk\u0131m\u0131zda Much Better Travel Much Better \u0437\u0443\u0431 \u0438\u043c\u043f\u043b\u0430\u043d\u0442 \u0437\u0443\u0431\u0430 - Dental crown tooth -\",\"breadcrumb\":{\"@id\":\"https:\/\/www.muchbettertravel.com\/hakkimizda\/#breadcrumb\"},\"inLanguage\":\"de\",\"potentialAction\":[{\"@type\":\"ReadAction\",\"target\":[\"https:\/\/www.muchbettertravel.com\/hakkimizda\/\"]}]},{\"@type\":\"BreadcrumbList\",\"@id\":\"https:\/\/www.muchbettertravel.com\/hakkimizda\/#breadcrumb\",\"itemListElement\":[{\"@type\":\"ListItem\",\"position\":1,\"name\":\"Anasayfa\",\"item\":\"https:\/\/www.muchbettertravel.com\/\"},{\"@type\":\"ListItem\",\"position\":2,\"name\":\"Hakk\u0131m\u0131zda\"}]},{\"@type\":\"WebSite\",\"@id\":\"https:\/\/www.muchbettertravel.com\/tr\/#website\",\"url\":\"https:\/\/www.muchbettertravel.com\/tr\/\",\"name\":\"Much Better Travel\",\"description\":\"Travel Inside\",\"publisher\":{\"@id\":\"https:\/\/www.muchbettertravel.com\/tr\/#organization\"},\"potentialAction\":[{\"@type\":\"SearchAction\",\"target\":{\"@type\":\"EntryPoint\",\"urlTemplate\":\"https:\/\/www.muchbettertravel.com\/tr\/?s={search_term_string}\"},\"query-input\":{\"@type\":\"PropertyValueSpecification\",\"valueRequired\":true,\"valueName\":\"search_term_string\"}}],\"inLanguage\":\"de\"},{\"@type\":\"Organization\",\"@id\":\"https:\/\/www.muchbettertravel.com\/tr\/#organization\",\"name\":\"Much Better Travel\",\"url\":\"https:\/\/www.muchbettertravel.com\/tr\/\",\"logo\":{\"@type\":\"ImageObject\",\"inLanguage\":\"de\",\"@id\":\"https:\/\/www.muchbettertravel.com\/tr\/#\/schema\/logo\/image\/\",\"url\":\"https:\/\/www.muchbettertravel.com\/wp-content\/uploads\/2022\/09\/muchbetter-logo-e1662142517943.png\",\"contentUrl\":\"https:\/\/www.muchbettertravel.com\/wp-content\/uploads\/2022\/09\/muchbetter-logo-e1662142517943.png\",\"width\":75,\"height\":75,\"caption\":\"Much Better Travel\"},\"image\":{\"@id\":\"https:\/\/www.muchbettertravel.com\/tr\/#\/schema\/logo\/image\/\"},\"sameAs\":[\"https:\/\/www.facebook.com\/muchbettertravels\",\"https:\/\/x.com\/muchbettertravl\",\"https:\/\/www.instagram.com\/muchbettertravel\/\",\"https:\/\/vk.com\/muchbettertravel\",\"https:\/\/t.me\/Muchbettertravel\",\"https:\/\/www.youtube.com\/@muchbettertravel\"]}]}<\/script>\n<!-- \/ Yoast SEO plugin. -->","yoast_head_json":{"title":"Hakk\u0131m\u0131zda - Much Better","description":"Hakk\u0131m\u0131zda Much Better Travel Much Better \u0437\u0443\u0431 \u0438\u043c\u043f\u043b\u0430\u043d\u0442 \u0437\u0443\u0431\u0430 - Dental crown tooth -","robots":{"index":"index","follow":"follow","max-snippet":"max-snippet:-1","max-image-preview":"max-image-preview:large","max-video-preview":"max-video-preview:-1"},"canonical":"https:\/\/www.muchbettertravel.com\/de\/hakkimizda\/","og_locale":"de_DE","og_type":"article","og_title":"Hakk\u0131m\u0131zda - Much Better","og_description":"Hakk\u0131m\u0131zda Much Better Travel Much Better \u0437\u0443\u0431 \u0438\u043c\u043f\u043b\u0430\u043d\u0442 \u0437\u0443\u0431\u0430 - Dental crown tooth -","og_url":"https:\/\/www.muchbettertravel.com\/de\/hakkimizda\/","og_site_name":"Much Better","article_publisher":"https:\/\/www.facebook.com\/muchbettertravels","article_modified_time":"2023-11-08T13:39:17+00:00","twitter_card":"summary_large_image","twitter_site":"@muchbettertravl","twitter_misc":{"Gesch\u00e4tzte Lesezeit":"6\u00a0Minuten"},"schema":{"@context":"https:\/\/schema.org","@graph":[{"@type":"WebPage","@id":"https:\/\/www.muchbettertravel.com\/hakkimizda\/","url":"https:\/\/www.muchbettertravel.com\/hakkimizda\/","name":"Hakk\u0131m\u0131zda - Much Better","isPartOf":{"@id":"https:\/\/www.muchbettertravel.com\/tr\/#website"},"datePublished":"2020-04-26T19:24:46+00:00","dateModified":"2023-11-08T13:39:17+00:00","description":"Hakk\u0131m\u0131zda Much Better Travel Much Better \u0437\u0443\u0431 \u0438\u043c\u043f\u043b\u0430\u043d\u0442 \u0437\u0443\u0431\u0430 - Dental crown tooth -","breadcrumb":{"@id":"https:\/\/www.muchbettertravel.com\/hakkimizda\/#breadcrumb"},"inLanguage":"de","potentialAction":[{"@type":"ReadAction","target":["https:\/\/www.muchbettertravel.com\/hakkimizda\/"]}]},{"@type":"BreadcrumbList","@id":"https:\/\/www.muchbettertravel.com\/hakkimizda\/#breadcrumb","itemListElement":[{"@type":"ListItem","position":1,"name":"Anasayfa","item":"https:\/\/www.muchbettertravel.com\/"},{"@type":"ListItem","position":2,"name":"Hakk\u0131m\u0131zda"}]},{"@type":"WebSite","@id":"https:\/\/www.muchbettertravel.com\/tr\/#website","url":"https:\/\/www.muchbettertravel.com\/tr\/","name":"Much Better Travel","description":"Travel Inside","publisher":{"@id":"https:\/\/www.muchbettertravel.com\/tr\/#organization"},"potentialAction":[{"@type":"SearchAction","target":{"@type":"EntryPoint","urlTemplate":"https:\/\/www.muchbettertravel.com\/tr\/?s={search_term_string}"},"query-input":{"@type":"PropertyValueSpecification","valueRequired":true,"valueName":"search_term_string"}}],"inLanguage":"de"},{"@type":"Organization","@id":"https:\/\/www.muchbettertravel.com\/tr\/#organization","name":"Much Better Travel","url":"https:\/\/www.muchbettertravel.com\/tr\/","logo":{"@type":"ImageObject","inLanguage":"de","@id":"https:\/\/www.muchbettertravel.com\/tr\/#\/schema\/logo\/image\/","url":"https:\/\/www.muchbettertravel.com\/wp-content\/uploads\/2022\/09\/muchbetter-logo-e1662142517943.png","contentUrl":"https:\/\/www.muchbettertravel.com\/wp-content\/uploads\/2022\/09\/muchbetter-logo-e1662142517943.png","width":75,"height":75,"caption":"Much Better Travel"},"image":{"@id":"https:\/\/www.muchbettertravel.com\/tr\/#\/schema\/logo\/image\/"},"sameAs":["https:\/\/www.facebook.com\/muchbettertravels","https:\/\/x.com\/muchbettertravl","https:\/\/www.instagram.com\/muchbettertravel\/","https:\/\/vk.com\/muchbettertravel","https:\/\/t.me\/Muchbettertravel","https:\/\/www.youtube.com\/@muchbettertravel"]}]}},"_links":{"self":[{"href":"https:\/\/www.muchbettertravel.com\/de\/wp-json\/wp\/v2\/pages\/41","targetHints":{"allow":["GET"]}}],"collection":[{"href":"https:\/\/www.muchbettertravel.com\/de\/wp-json\/wp\/v2\/pages"}],"about":[{"href":"https:\/\/www.muchbettertravel.com\/de\/wp-json\/wp\/v2\/types\/page"}],"author":[{"embeddable":true,"href":"https:\/\/www.muchbettertravel.com\/de\/wp-json\/wp\/v2\/users\/1"}],"replies":[{"embeddable":true,"href":"https:\/\/www.muchbettertravel.com\/de\/wp-json\/wp\/v2\/comments?post=41"}],"version-history":[{"count":16,"href":"https:\/\/www.muchbettertravel.com\/de\/wp-json\/wp\/v2\/pages\/41\/revisions"}],"predecessor-version":[{"id":1176,"href":"https:\/\/www.muchbettertravel.com\/de\/wp-json\/wp\/v2\/pages\/41\/revisions\/1176"}],"wp:attachment":[{"href":"https:\/\/www.muchbettertravel.com\/de\/wp-json\/wp\/v2\/media?parent=41"}],"curies":[{"name":"wp","href":"https:\/\/api.w.org\/{rel}","templated":true}]}}