{"id":41,"date":"2020-04-26T19:24:46","date_gmt":"2020-04-26T19:24:46","guid":{"rendered":"http:\/\/cov19.local\/?page_id=41"},"modified":"2023-11-08T13:39:17","modified_gmt":"2023-11-08T13:39:17","slug":"hakkimizda","status":"publish","type":"page","link":"https:\/\/www.muchbettertravel.com\/es\/hakkimizda\/","title":{"rendered":"Qui\u00e9nes somos"},"content":{"rendered":"<div class=\"vc_row wpb_row vc_row-fluid secondary-bg vc_custom_1598299803621 vc_row-has-fill vc_row-o-content-middle vc_row-flex\" style=\"position:relative;z-index:2\"><div class=\"wpb_column vc_column_container vc_col-sm-2\" style=\"position:relative\"><div class=\"vc_column-inner\"><div class=\"wpb_wrapper\"><\/div><\/div><\/div><div class=\"wpb_column vc_column_container vc_col-sm-8\" style=\"position:relative\"><div class=\"vc_column-inner\"><div class=\"wpb_wrapper\"><div class=\"vc_empty_space\"   style=\"height: 32px\"><span class=\"vc_empty_space_inner\"><\/span><\/div>\n\t<div class=\"wpb_text_column wpb_content_element  vc_custom_1698237706154\" >\n\t\t<div class=\"wpb_wrapper\">\n\t\t\t<h1 style=\"text-align: center;\"><span style=\"color: #ffffff;\">Much Better Best For You<\/span><\/h1>\n\n\t\t<\/div>\n\t<\/div>\n<div class=\"vc_empty_space\"   style=\"height: 32px\"><span class=\"vc_empty_space_inner\"><\/span><\/div><\/div><\/div><\/div><div class=\"wpb_column vc_column_container vc_col-sm-2\" style=\"position:relative\"><div class=\"vc_column-inner\"><div class=\"wpb_wrapper\"><\/div><\/div><\/div><\/div><div data-vc-full-width=\"true\" data-vc-full-width-init=\"false\" class=\"vc_row wpb_row vc_row-fluid mobile-tb-spacing vc_custom_1592740391911 vc_row-has-fill vc_column-gap-30 vc_row-o-equal-height vc_row-flex\" style=\"position:relative\"><div class=\"wpb_column vc_column_container vc_col-sm-12\" style=\"position:relative\"><div class=\"vc_column-inner\"><div class=\"wpb_wrapper\"><div class=\"imi-spacer\" id=\"imi-spacer-69e09521d9eb8\" data-spacer-id=\"imi-spacer-69e09521d9eb8\" data-spacer-lg=\"135px\" data-spacer-md=\"135px\" data-spacer-sm=\"95px\" data-spacer-xs=\"85px\"><\/div><\/div><\/div><\/div><div class=\"no-mobile-border wpb_column vc_column_container vc_col-sm-12\" style=\"position:relative\"><div class=\"vc_column-inner vc_custom_1662209228177\"><div class=\"wpb_wrapper\"><h6 style=\"text-align: left\" class=\"vc_custom_heading secondary-color sub-heading vc_custom_1698237792599\" >MUCH BETTER TRAVEL<\/h6><h2 style=\"text-align: left\" class=\"vc_custom_heading\" >SOBRE NOSOTROS<\/h2><div class=\"vc_row wpb_row vc_inner vc_row-fluid\"><div class=\"wpb_column vc_column_container vc_col-sm-6\"><div class=\"vc_column-inner\"><div class=\"wpb_wrapper\">\n\t<div class=\"wpb_text_column wpb_content_element\" >\n\t\t<div class=\"wpb_wrapper\">\n\t\t\t<p style=\"text-align: justify;\" class=\" translation-block\"><strong>MUCH BETTER TRAVEL<\/strong> es una <strong>AGENCIA DE VIAJES<\/strong> con sede en ANTALIA\/TURQU\u00cdA, que es miembro de <strong>T\u00dcRSAB (Asociaci\u00f3n de Agencias de Viajes Turcas)<\/strong> con n\u00famero de documento 14112 y <strong>CERTIFICADO DE LA AUTORIDAD INTERNACIONAL DE TURISMO SANITARIO<\/strong> con n\u00famero de documento AK-0734, aprobado por el Ministerio de Sanidad de la Rep\u00fablica de Turqu\u00eda. Fundada en 2022, <strong>MUCH BETTER TRAVEL<\/strong> ha determinado su visi\u00f3n de futuro reuniendo la experiencia de su plantilla de profesionales bajo un mismo techo. Su objetivo primordial es convertirse en una marca internacional ejemplar acorde con las exigencias de nuestra \u00e9poca.<\/p>\n<p style=\"text-align: justify;\" class=\" translation-block\">El \u00e1rea de servicio de <strong>MUCHBETTER TRAVEL<\/strong>, como en todas las agencias de viajes, abarca todo lo relacionado con las personas. Su objetivo es ofrecer el mejor servicio a las personas.<\/p>\n<p style=\"text-align: justify;\" class=\" translation-block\"><strong>MUCHBETTER TRAVEL<\/strong> trabaja con los mejores de todos los sectores en la selecci\u00f3n de socios comerciales. Todos nuestros socios comerciales son los m\u00e1s admirados tanto por otras instituciones y organizaciones de sus sectores como por quienes reciben servicios de ellos.<\/p>\n<p style=\"text-align: justify;\" class=\" translation-block\">La prioridad de nuestra agencia es la satisfacci\u00f3n humana. Cada persona que recibe un servicio siente que est\u00e1 en manos seguras y expertas de principio a fin. Siguiendo con gran esmero nuestros expedientes de operaciones especialmente preparados, damos a quienes esperan de nosotros \"<strong>Mucho Mejor<\/strong>\" de lo que imaginan. es<\/p>\n\n\t\t<\/div>\n\t<\/div>\n<\/div><\/div><\/div><div class=\"wpb_column vc_column_container vc_col-sm-6\"><div class=\"vc_column-inner\"><div class=\"wpb_wrapper\">\n\t<div class=\"wpb_text_column wpb_content_element\" >\n\t\t<div class=\"wpb_wrapper\">\n\t\t\t<p style=\"text-align: justify;\" class=\" translation-block\">Estamos accesibles 24\/7 desde el primer encuentro hasta el \u00faltimo momento, incluso para posibles futuras organizaciones, todo tipo de canales de comunicaci\u00f3n y transferencia de informaci\u00f3n actual est\u00e1n abiertos. Porque, a cambio del trabajo que realizamos, nuestra expectativa no es poder servir no una sino muchas veces \"<\/p>\n\n\t\t<\/div>\n\t<\/div>\n<div class=\"vc_empty_space\"   style=\"height: 32px\"><span class=\"vc_empty_space_inner\"><\/span><\/div>\n\t<div class=\"wpb_text_column wpb_content_element\" >\n\t\t<div class=\"wpb_wrapper\">\n\t\t\t<p><strong>Nuestros servicios<\/strong><\/p>\n<ul>\n<li>Turismo sanitario<\/li>\n<li>Turismo deportivo<\/li>\n<li>Transferencia Vip<\/li>\n<li>Visitas<\/li>\n<li>Servicios de Orientaci\u00f3n<\/li>\n<li>Tr\u00e1mites de visado<\/li>\n<li>Billete de avi\u00f3n<\/li>\n<li>Alojamiento y reservas<\/li>\n<li>Paquetes de vacaciones<\/li>\n<li>Billete de avi\u00f3n<\/li>\n<\/ul>\n\n\t\t<\/div>\n\t<\/div>\n<\/div><\/div><\/div><\/div><\/div><\/div><\/div><\/div><div class=\"vc_row-full-width vc_clearfix\"><\/div><div data-vc-full-width=\"true\" data-vc-full-width-init=\"false\" class=\"vc_row wpb_row vc_row-fluid mobile-tb-spacing vc_custom_1662208607818 vc_row-has-fill\" style=\"position:relative\"><div class=\"wpb_column vc_column_container vc_col-sm-12\" style=\"position:relative\"><div class=\"vc_column-inner\"><div class=\"wpb_wrapper\"><div class=\"imi-spacer\" id=\"imi-spacer-69e09521dc9ef\" data-spacer-id=\"imi-spacer-69e09521dc9ef\" data-spacer-lg=\"100px\" data-spacer-md=\"100px\" data-spacer-sm=\"60px\" data-spacer-xs=\"100px\"><\/div><div class=\"vc_row wpb_row vc_inner vc_row-fluid\"><div class=\"wpb_column vc_column_container vc_col-sm-2 vc_hidden-sm vc_hidden-xs\"><div class=\"vc_column-inner\"><div class=\"wpb_wrapper\"><\/div><\/div><\/div><div class=\"wpb_column vc_column_container vc_col-sm-12 vc_col-lg-8 vc_col-md-8\"><div class=\"vc_column-inner\"><div class=\"wpb_wrapper\"><h6 style=\"text-align: center\" class=\"vc_custom_heading secondary-color sub-heading vc_custom_1661866800021\" >SERVICIOS<\/h6><h2 style=\"text-align: center\" class=\"vc_custom_heading vc_custom_1662198971608\" >\u00bfQu\u00e9 podemos hacer por usted?<\/h2><\/div><\/div><\/div><div class=\"wpb_column vc_column_container vc_col-sm-2 vc_hidden-sm vc_hidden-xs\"><div class=\"vc_column-inner\"><div class=\"wpb_wrapper\"><\/div><\/div><\/div><\/div><div id=\"imi-cards__element_69e09521ddd93\" class=\"sort-destination-parent card-title-over-image border-radius-items border-radius-5px shadow-border-style      custom-bg-style  owl-padded\" ><div class=\"carousel-wrapper\"><div class=\"imi-styled-row\"><ul class=\"owl-carousel equal-heighter carousel-fw class-carousel\" data-columns=\"3\" data-autoplay=\"no\" data-autoplay-timeout=\"\" data-pagination=\"no\" data-arrows=\"yes\" data-auto-height=\"no\" data-rtl=\"no\" data-loop=\"no\" data-margin=\"40\" data-columns-desktop=\"3\" data-columns-tab=\"2\" data-columns-mobile=\"1\"><li class=\"item site-item si-animate-top\">\n\t\t\t\t\t\t\t\t\t\t<div class=\"bg-style-target grid-item card-grid-item card-item card-carousel-item border-style-target border-radius-target format-standard\"><div class=\"card-media imi-item-media\"><img loading=\"lazy\" decoding=\"async\" class=\"\" src=\"https:\/\/www.muchbettertravel.com\/wp-content\/uploads\/2022\/09\/saglik-planlama-500x300.webp\" width=\"500\" height=\"300\" alt=\"saglik-planlama\" title=\"saglik-planlama\" \/><\/div><div class=\"card-info-static equal-height-column post-item-content\" style=\"background-color:rgba(255,255,255,0.85)\"><h4 class=\"card-title\" >Planificaci\u00f3n sanitaria personal<\/h4><div class=\"card-excerpt\"  style=\"\">Su asesor organizar\u00e1 los detalles sobre su salud personal.<\/div><\/div><a href=\"\" class=\"stretched-link stretched-link-hw0\">Link<\/a><\/div><\/li><li class=\"item site-item si-animate-top\">\n\t\t\t\t\t\t\t\t\t\t<div class=\"bg-style-target grid-item card-grid-item card-item card-carousel-item border-style-target border-radius-target format-standard\"><div class=\"card-media imi-item-media\"><img loading=\"lazy\" decoding=\"async\" class=\"\" src=\"https:\/\/www.muchbettertravel.com\/wp-content\/uploads\/2022\/09\/etkinlik-ve-organizasyon-500x300.webp\" width=\"500\" height=\"300\" alt=\"etkinlik-ve-organizasyon\" title=\"etkinlik-ve-organizasyon\" \/><\/div><div class=\"card-info-static equal-height-column post-item-content\" style=\"background-color:rgba(255,255,255,0.85)\"><h4 class=\"card-title\" >Planificaci\u00f3n de eventos<\/h4><div class=\"card-excerpt\"  style=\"\">Nos aseguramos de que disfrute de su viaje con nuestras actividades y excursiones.<\/div><\/div><\/div><\/li><li class=\"item site-item si-animate-top\">\n\t\t\t\t\t\t\t\t\t\t<div class=\"bg-style-target grid-item card-grid-item card-item card-carousel-item border-style-target border-radius-target format-standard\"><div class=\"card-media imi-item-media\"><img loading=\"lazy\" decoding=\"async\" class=\"\" src=\"https:\/\/www.muchbettertravel.com\/wp-content\/uploads\/2022\/09\/vip-transfer-500x300.webp\" width=\"500\" height=\"300\" alt=\"vip-transfer\" title=\"vip-transfer\" \/><\/div><div class=\"card-info-static equal-height-column post-item-content\" style=\"background-color:rgba(255,255,255,0.85)\"><h4 class=\"card-title\" >Traslados Vip<\/h4><div class=\"card-excerpt\"  style=\"\">Hacemos todo lo posible para que se sienta como un rey.<\/div><\/div><\/div><\/li><\/ul><\/div><\/div><\/div><div class=\"imi-spacer\" id=\"imi-spacer-69e09521df42c\" data-spacer-id=\"imi-spacer-69e09521df42c\" data-spacer-lg=\"120px\" data-spacer-md=\"120px\" data-spacer-sm=\"90px\" data-spacer-xs=\"70px\"><\/div><\/div><\/div><\/div><\/div><div class=\"vc_row-full-width vc_clearfix\"><\/div><div data-vc-full-width=\"true\" data-vc-full-width-init=\"false\" class=\"vc_row wpb_row vc_row-fluid accent-bg mobile-tb-spacing vc_custom_1662208633562 vc_row-has-fill\" style=\"position:relative\"><div class=\"wpb_column vc_column_container vc_col-sm-12\" style=\"position:relative\"><div class=\"vc_column-inner\"><div class=\"wpb_wrapper\"><div class=\"imi-spacer\" id=\"imi-spacer-69e09521dfa3b\" data-spacer-id=\"imi-spacer-69e09521dfa3b\" data-spacer-lg=\"113px\" data-spacer-md=\"113px\" data-spacer-sm=\"83px\" data-spacer-xs=\"63px\"><\/div><h6 style=\"text-align: center\" class=\"vc_custom_heading secondary-color sub-heading vc_custom_1661867129965\" >V\u00c5RA AFF\u00c4RSPARTNER<\/h6><h2 style=\"text-align: center\" class=\"vc_custom_heading vc_custom_1661867144540\" >CON QUI\u00c9N TRABAJAMOS<\/h2><div class=\"imi-spacer\" id=\"imi-spacer-69e09521dfe3d\" data-spacer-id=\"imi-spacer-69e09521dfe3d\" data-spacer-lg=\"60px\" data-spacer-md=\"60px\" data-spacer-sm=\"30px\" data-spacer-xs=\"20px\"><\/div><div id=\"imi-carousel__element_69e09521dff2e\" class=\"owl-no-padding-class\"><div class=\"carousel-wrapper\"><div class=\"equal-heighter\"><ul class=\"owl-carousel carousel-fw imi-logo-carousel\" data-columns=\"5\" data-autoplay=\"yes\" data-autoplay-timeout=\"2000\" data-pagination=\"no\" data-arrows=\"yes\" data-auto-height=\"no\" data-rtl=\"no\" data-loop=\"yes\" data-margin=\"25\" data-columns-desktop=\"3\" data-columns-tab=\"3\" data-columns-mobile=\"2\"><li class=\"item\"><div class=\"logo-carousel-item equal-height-column\"><div><div><img loading=\"lazy\" decoding=\"async\" class=\"\" src=\"https:\/\/www.muchbettertravel.com\/wp-content\/uploads\/2022\/12\/dunyagoz.png\" width=\"150\" height=\"150\" alt=\"dunyagoz\" title=\"dunyagoz\" \/><\/div><\/div><\/div><\/li><li class=\"item\"><div class=\"logo-carousel-item equal-height-column\"><div><div><img loading=\"lazy\" decoding=\"async\" class=\"\" src=\"https:\/\/www.muchbettertravel.com\/wp-content\/uploads\/2022\/12\/medicalpark.png\" width=\"150\" height=\"150\" alt=\"medicalpark\" title=\"medicalpark\" \/><\/div><\/div><\/div><\/li><li class=\"item\"><div class=\"logo-carousel-item equal-height-column\"><div><div><img loading=\"lazy\" decoding=\"async\" class=\"\" src=\"https:\/\/www.muchbettertravel.com\/wp-content\/uploads\/2022\/12\/memorial.png\" width=\"150\" height=\"150\" alt=\"memorial\" title=\"memorial\" \/><\/div><\/div><\/div><\/li><li class=\"item\"><div class=\"logo-carousel-item equal-height-column\"><div><div><img loading=\"lazy\" decoding=\"async\" class=\"\" src=\"https:\/\/www.muchbettertravel.com\/wp-content\/uploads\/2023\/03\/anat.png\" width=\"150\" height=\"150\" alt=\"anat\" title=\"anat\" \/><\/div><\/div><\/div><\/li><\/ul><\/div><\/div><\/div><div class=\"vc_empty_space\"   style=\"height: 64px\"><span class=\"vc_empty_space_inner\"><\/span><\/div><\/div><\/div><\/div><\/div><div class=\"vc_row-full-width vc_clearfix\"><\/div>","protected":false},"excerpt":{"rendered":"Much Better Best For You MUCH BETTER TRAVELHAKKIMIZDA MUCH BETTER TRAVEL\u00a0, 14112 belge no ile\u00a0T\u00dcRSAB (T\u00fcrkiye Seyahat Acentalar\u0131 Birli\u011fi) \u00fcyeli\u011fine ve T.C Sa\u011fl\u0131k Bakanl\u0131\u011f\u0131ndan onayl\u0131 , AK-0734 belge no ile ULUSLARARASI SA\u011eLIK TUR\u0130ZM\u0130 YETK\u0130 BELGES\u0130'ne sahip , ANTALYA\/T\u00dcRK\u0130YE merkezli bir SEYAHAT ACENTASI'd\u0131r. 2022 y\u0131l\u0131nda kurulan MUCH BETTER TRAVEL profesyonellerden olu\u015fan kadrosunun deneyimlerinin bir \u00e7at\u0131 alt\u0131nda toplanmas\u0131yla gelecek vizyonunu belirlemi\u015ftir. \u00c7a\u011f\u0131m\u0131z\u0131n gereklerine uygun, uluslararas\u0131 \u00f6rnek bir marka olmak birincil hedefidir. MUCH BETTER TRAVEL'in hizmet alan\u0131, b\u00fct\u00fcn seyahat acentelerinde oldu\u011fu gibi insana dair her \u015feyi kapsar. Amac\u0131, en iyi hizmeti insanlara sunmakt\u0131r. MUCH BETTER TRAVEL, i\u015f ortaklar\u0131 se\u00e7iminde t\u00fcm sekt\u00f6rlerin en iyileri ile \u00e7al\u0131\u015fmaktad\u0131r. B\u00fct\u00fcn i\u015f ortaklar\u0131m\u0131z hem sekt\u00f6rlerindeki di\u011fer kurum ve kurulu\u015flar hem de onlardan hizmet alanlar taraf\u0131ndan en \u00e7ok be\u011fenilenlerdir. MUCH BETTER TRAVEL acentesinin \u00f6nceli\u011fi insan memnuniyetidir. Hizmet alan her birey ba\u015f\u0131ndan sonuna g\u00fcvenli ve i\u015finde uzman ellerde oldu\u011funu hisseder. \u00d6zel olarak haz\u0131rlanm\u0131\u015f operasyon dosyalar\u0131m\u0131z\u0131 b\u00fcy\u00fck bir titizlikle takip ederek bizden beklentide bulunanlara hayal ettiklerinden (acentemizin isminin de anlatt\u0131\u011f\u0131 gibi) ''\u00c7OK DAHA \u0130Y\u0130''sini veririz. \u0130lk kar\u015f\u0131la\u015fmadan son ana kadar 7\/24 eri\u015filebiliriz, hatta gelecekteki muhtemel organizasyonlar i\u00e7in her t\u00fcrl\u00fc ileti\u015fim ve g\u00fcncel bilgi aktar\u0131m kanallar\u0131m\u0131z a\u00e7\u0131kt\u0131r. \u00c7\u00fcnk\u00fc, yapt\u0131\u011f\u0131m\u0131z i\u015fin kar\u015f\u0131l\u0131\u011f\u0131 olarak beklentimiz bir kez de\u011fil 'bir \u00e7ok kez hizmet verebilmek de\u011fil ''B\u0130R \u00c7OK KEZ'' hizmet verebilme mutlulu\u011funa sahip olmak ve gururunu hissetmektir. Hizmetlerimiz: Sa\u011fl\u0131k Turizmi Spor Turizmi Vip Transfer \u00d6zel Turlar Rehberlik Hizmetleri Vize \u0130\u015flemleri U\u00e7ak Bileti Konaklama ve Rezervasyon Otel ve Tatil Paketleri Erken Rezervasyon SERV\u0130SLER\u0130M\u0130ZSizin \u0130\u00e7in Neler Yapabiliriz? Ki\u015fisel Sa\u011fl\u0131k PlanlamaDan\u0131\u015fman\u0131n\u0131z ki\u015fisel sa\u011fl\u0131\u011f\u0131n\u0131zla ilgili detaylar\u0131 d\u00fczenler.Link Etkinlik PlanlamaSeyahatiniz boyunca etkinlik ve turlar\u0131m\u0131zla keyif alman\u0131z\u0131 sa\u011flar\u0131z. Vip TransferlerKendinizi krallar gibi hissetmeniz i\u00e7in elimizden geleni yap\u0131yoruz.\u0130\u015e ORTAKLARIMIZK\u0130MLERLE \u00c7ALI\u015eIYORUZ","protected":false},"author":1,"featured_media":0,"parent":0,"menu_order":0,"comment_status":"closed","ping_status":"closed","template":"","meta":{"footnotes":""},"class_list":["post-41","page","type-page","status-publish","hentry"],"yoast_head":"<!-- This site is optimized with the Yoast SEO plugin v23.4 - https:\/\/yoast.com\/wordpress\/plugins\/seo\/ -->\n<title>Hakk\u0131m\u0131zda - Much Better<\/title>\n<meta name=\"description\" content=\"Hakk\u0131m\u0131zda Much Better Travel Much Better \u0437\u0443\u0431 \u0438\u043c\u043f\u043b\u0430\u043d\u0442 \u0437\u0443\u0431\u0430 - Dental crown tooth -\" \/>\n<meta name=\"robots\" content=\"index, follow, max-snippet:-1, max-image-preview:large, max-video-preview:-1\" \/>\n<link rel=\"canonical\" href=\"https:\/\/www.muchbettertravel.com\/es\/hakkimizda\/\" \/>\n<meta property=\"og:locale\" content=\"es_ES\" \/>\n<meta property=\"og:type\" content=\"article\" \/>\n<meta property=\"og:title\" content=\"Hakk\u0131m\u0131zda - Much Better\" \/>\n<meta property=\"og:description\" content=\"Hakk\u0131m\u0131zda Much Better Travel Much Better \u0437\u0443\u0431 \u0438\u043c\u043f\u043b\u0430\u043d\u0442 \u0437\u0443\u0431\u0430 - Dental crown tooth -\" \/>\n<meta property=\"og:url\" content=\"https:\/\/www.muchbettertravel.com\/es\/hakkimizda\/\" \/>\n<meta property=\"og:site_name\" content=\"Much Better\" \/>\n<meta property=\"article:publisher\" content=\"https:\/\/www.facebook.com\/muchbettertravels\" \/>\n<meta property=\"article:modified_time\" content=\"2023-11-08T13:39:17+00:00\" \/>\n<meta name=\"twitter:card\" content=\"summary_large_image\" \/>\n<meta name=\"twitter:site\" content=\"@muchbettertravl\" \/>\n<meta name=\"twitter:label1\" content=\"Tiempo de lectura\" \/>\n\t<meta name=\"twitter:data1\" content=\"6 minutos\" \/>\n<script type=\"application\/ld+json\" class=\"yoast-schema-graph\">{\"@context\":\"https:\/\/schema.org\",\"@graph\":[{\"@type\":\"WebPage\",\"@id\":\"https:\/\/www.muchbettertravel.com\/hakkimizda\/\",\"url\":\"https:\/\/www.muchbettertravel.com\/hakkimizda\/\",\"name\":\"Hakk\u0131m\u0131zda - Much Better\",\"isPartOf\":{\"@id\":\"https:\/\/www.muchbettertravel.com\/tr\/#website\"},\"datePublished\":\"2020-04-26T19:24:46+00:00\",\"dateModified\":\"2023-11-08T13:39:17+00:00\",\"description\":\"Hakk\u0131m\u0131zda Much Better Travel Much Better \u0437\u0443\u0431 \u0438\u043c\u043f\u043b\u0430\u043d\u0442 \u0437\u0443\u0431\u0430 - Dental crown tooth -\",\"breadcrumb\":{\"@id\":\"https:\/\/www.muchbettertravel.com\/hakkimizda\/#breadcrumb\"},\"inLanguage\":\"es\",\"potentialAction\":[{\"@type\":\"ReadAction\",\"target\":[\"https:\/\/www.muchbettertravel.com\/hakkimizda\/\"]}]},{\"@type\":\"BreadcrumbList\",\"@id\":\"https:\/\/www.muchbettertravel.com\/hakkimizda\/#breadcrumb\",\"itemListElement\":[{\"@type\":\"ListItem\",\"position\":1,\"name\":\"Anasayfa\",\"item\":\"https:\/\/www.muchbettertravel.com\/\"},{\"@type\":\"ListItem\",\"position\":2,\"name\":\"Hakk\u0131m\u0131zda\"}]},{\"@type\":\"WebSite\",\"@id\":\"https:\/\/www.muchbettertravel.com\/tr\/#website\",\"url\":\"https:\/\/www.muchbettertravel.com\/tr\/\",\"name\":\"Much Better Travel\",\"description\":\"Travel Inside\",\"publisher\":{\"@id\":\"https:\/\/www.muchbettertravel.com\/tr\/#organization\"},\"potentialAction\":[{\"@type\":\"SearchAction\",\"target\":{\"@type\":\"EntryPoint\",\"urlTemplate\":\"https:\/\/www.muchbettertravel.com\/tr\/?s={search_term_string}\"},\"query-input\":{\"@type\":\"PropertyValueSpecification\",\"valueRequired\":true,\"valueName\":\"search_term_string\"}}],\"inLanguage\":\"es\"},{\"@type\":\"Organization\",\"@id\":\"https:\/\/www.muchbettertravel.com\/tr\/#organization\",\"name\":\"Much Better Travel\",\"url\":\"https:\/\/www.muchbettertravel.com\/tr\/\",\"logo\":{\"@type\":\"ImageObject\",\"inLanguage\":\"es\",\"@id\":\"https:\/\/www.muchbettertravel.com\/tr\/#\/schema\/logo\/image\/\",\"url\":\"https:\/\/www.muchbettertravel.com\/wp-content\/uploads\/2022\/09\/muchbetter-logo-e1662142517943.png\",\"contentUrl\":\"https:\/\/www.muchbettertravel.com\/wp-content\/uploads\/2022\/09\/muchbetter-logo-e1662142517943.png\",\"width\":75,\"height\":75,\"caption\":\"Much Better Travel\"},\"image\":{\"@id\":\"https:\/\/www.muchbettertravel.com\/tr\/#\/schema\/logo\/image\/\"},\"sameAs\":[\"https:\/\/www.facebook.com\/muchbettertravels\",\"https:\/\/x.com\/muchbettertravl\",\"https:\/\/www.instagram.com\/muchbettertravel\/\",\"https:\/\/vk.com\/muchbettertravel\",\"https:\/\/t.me\/Muchbettertravel\",\"https:\/\/www.youtube.com\/@muchbettertravel\"]}]}<\/script>\n<!-- \/ Yoast SEO plugin. -->","yoast_head_json":{"title":"Hakk\u0131m\u0131zda - Much Better","description":"Hakk\u0131m\u0131zda Much Better Travel Much Better \u0437\u0443\u0431 \u0438\u043c\u043f\u043b\u0430\u043d\u0442 \u0437\u0443\u0431\u0430 - Dental crown tooth -","robots":{"index":"index","follow":"follow","max-snippet":"max-snippet:-1","max-image-preview":"max-image-preview:large","max-video-preview":"max-video-preview:-1"},"canonical":"https:\/\/www.muchbettertravel.com\/es\/hakkimizda\/","og_locale":"es_ES","og_type":"article","og_title":"Hakk\u0131m\u0131zda - Much Better","og_description":"Hakk\u0131m\u0131zda Much Better Travel Much Better \u0437\u0443\u0431 \u0438\u043c\u043f\u043b\u0430\u043d\u0442 \u0437\u0443\u0431\u0430 - Dental crown tooth -","og_url":"https:\/\/www.muchbettertravel.com\/es\/hakkimizda\/","og_site_name":"Much Better","article_publisher":"https:\/\/www.facebook.com\/muchbettertravels","article_modified_time":"2023-11-08T13:39:17+00:00","twitter_card":"summary_large_image","twitter_site":"@muchbettertravl","twitter_misc":{"Tiempo de lectura":"6 minutos"},"schema":{"@context":"https:\/\/schema.org","@graph":[{"@type":"WebPage","@id":"https:\/\/www.muchbettertravel.com\/hakkimizda\/","url":"https:\/\/www.muchbettertravel.com\/hakkimizda\/","name":"Hakk\u0131m\u0131zda - Much Better","isPartOf":{"@id":"https:\/\/www.muchbettertravel.com\/tr\/#website"},"datePublished":"2020-04-26T19:24:46+00:00","dateModified":"2023-11-08T13:39:17+00:00","description":"Hakk\u0131m\u0131zda Much Better Travel Much Better \u0437\u0443\u0431 \u0438\u043c\u043f\u043b\u0430\u043d\u0442 \u0437\u0443\u0431\u0430 - Dental crown tooth -","breadcrumb":{"@id":"https:\/\/www.muchbettertravel.com\/hakkimizda\/#breadcrumb"},"inLanguage":"es","potentialAction":[{"@type":"ReadAction","target":["https:\/\/www.muchbettertravel.com\/hakkimizda\/"]}]},{"@type":"BreadcrumbList","@id":"https:\/\/www.muchbettertravel.com\/hakkimizda\/#breadcrumb","itemListElement":[{"@type":"ListItem","position":1,"name":"Anasayfa","item":"https:\/\/www.muchbettertravel.com\/"},{"@type":"ListItem","position":2,"name":"Hakk\u0131m\u0131zda"}]},{"@type":"WebSite","@id":"https:\/\/www.muchbettertravel.com\/tr\/#website","url":"https:\/\/www.muchbettertravel.com\/tr\/","name":"Much Better Travel","description":"Travel Inside","publisher":{"@id":"https:\/\/www.muchbettertravel.com\/tr\/#organization"},"potentialAction":[{"@type":"SearchAction","target":{"@type":"EntryPoint","urlTemplate":"https:\/\/www.muchbettertravel.com\/tr\/?s={search_term_string}"},"query-input":{"@type":"PropertyValueSpecification","valueRequired":true,"valueName":"search_term_string"}}],"inLanguage":"es"},{"@type":"Organization","@id":"https:\/\/www.muchbettertravel.com\/tr\/#organization","name":"Much Better Travel","url":"https:\/\/www.muchbettertravel.com\/tr\/","logo":{"@type":"ImageObject","inLanguage":"es","@id":"https:\/\/www.muchbettertravel.com\/tr\/#\/schema\/logo\/image\/","url":"https:\/\/www.muchbettertravel.com\/wp-content\/uploads\/2022\/09\/muchbetter-logo-e1662142517943.png","contentUrl":"https:\/\/www.muchbettertravel.com\/wp-content\/uploads\/2022\/09\/muchbetter-logo-e1662142517943.png","width":75,"height":75,"caption":"Much Better Travel"},"image":{"@id":"https:\/\/www.muchbettertravel.com\/tr\/#\/schema\/logo\/image\/"},"sameAs":["https:\/\/www.facebook.com\/muchbettertravels","https:\/\/x.com\/muchbettertravl","https:\/\/www.instagram.com\/muchbettertravel\/","https:\/\/vk.com\/muchbettertravel","https:\/\/t.me\/Muchbettertravel","https:\/\/www.youtube.com\/@muchbettertravel"]}]}},"_links":{"self":[{"href":"https:\/\/www.muchbettertravel.com\/es\/wp-json\/wp\/v2\/pages\/41","targetHints":{"allow":["GET"]}}],"collection":[{"href":"https:\/\/www.muchbettertravel.com\/es\/wp-json\/wp\/v2\/pages"}],"about":[{"href":"https:\/\/www.muchbettertravel.com\/es\/wp-json\/wp\/v2\/types\/page"}],"author":[{"embeddable":true,"href":"https:\/\/www.muchbettertravel.com\/es\/wp-json\/wp\/v2\/users\/1"}],"replies":[{"embeddable":true,"href":"https:\/\/www.muchbettertravel.com\/es\/wp-json\/wp\/v2\/comments?post=41"}],"version-history":[{"count":16,"href":"https:\/\/www.muchbettertravel.com\/es\/wp-json\/wp\/v2\/pages\/41\/revisions"}],"predecessor-version":[{"id":1176,"href":"https:\/\/www.muchbettertravel.com\/es\/wp-json\/wp\/v2\/pages\/41\/revisions\/1176"}],"wp:attachment":[{"href":"https:\/\/www.muchbettertravel.com\/es\/wp-json\/wp\/v2\/media?parent=41"}],"curies":[{"name":"wp","href":"https:\/\/api.w.org\/{rel}","templated":true}]}}