{"id":612,"date":"2022-08-30T06:49:07","date_gmt":"2022-08-30T06:49:07","guid":{"rendered":"https:\/\/www.muchbettertravel.com\/?page_id=612"},"modified":"2023-11-03T18:53:02","modified_gmt":"2023-11-03T18:53:02","slug":"iletisim","status":"publish","type":"page","link":"https:\/\/www.muchbettertravel.com\/ru\/iletisim\/","title":{"rendered":"\u041a\u043e\u043d\u0442\u0430\u043a\u0442"},"content":{"rendered":"<div class=\"vc_row wpb_row vc_row-fluid secondary-bg vc_custom_1662366896890 vc_row-has-fill vc_row-o-content-middle vc_row-flex\" style=\"position:relative;z-index:2\"><div class=\"wpb_column vc_column_container vc_col-sm-2\" style=\"position:relative\"><div class=\"vc_column-inner\"><div class=\"wpb_wrapper\"><\/div><\/div><\/div><div class=\"wpb_column vc_column_container vc_col-sm-8\" style=\"position:relative\"><div class=\"vc_column-inner\"><div class=\"wpb_wrapper\"><div class=\"vc_empty_space\"   style=\"height: 32px\"><span class=\"vc_empty_space_inner\"><\/span><\/div>\n\t<div class=\"wpb_text_column wpb_content_element  vc_custom_1698239088120\" >\n\t\t<div class=\"wpb_wrapper\">\n\t\t\t<h1 style=\"text-align: center;\"><span style=\"color: #ffffff;\">Much Better Best For You<\/span><\/h1>\n\n\t\t<\/div>\n\t<\/div>\n<div class=\"vc_empty_space\"   style=\"height: 32px\"><span class=\"vc_empty_space_inner\"><\/span><\/div><\/div><\/div><\/div><div class=\"wpb_column vc_column_container vc_col-sm-2\" style=\"position:relative\"><div class=\"vc_column-inner\"><div class=\"wpb_wrapper\"><\/div><\/div><\/div><\/div><div class=\"vc_row wpb_row vc_row-fluid vc_custom_1662367205750\" style=\"position:relative\"><div class=\"wpb_column vc_column_container vc_col-sm-12\" style=\"position:relative\"><div class=\"vc_column-inner\"><div class=\"wpb_wrapper\"><h2 style=\"text-align: left\" class=\"vc_custom_heading\" >\u0421\u0432\u044f\u0437\u0430\u0442\u044c\u0441\u044f \u0441 \u043d\u0430\u043c\u0438<\/h2>\n            <div id=\"imi-social__element_69e095e085bee\" class=\"imi_hb_item imi_social__icons imi_hb_align_left\">\n\t\t\t<ul class=\"shortcode-social-icons imi-social-icons imi-social-icons-left imi-social-icons-round imi-social-icons-medium imi-social-icons-bc imi-social-icons-hover-bc 123\"><li class=\"social-imicon-logo-fb-simple\"><a href=\"https:\/\/www.facebook.com\/muchbettertravels\" target=\"_blank\" ><i class=\"imicon-logo-fb-simple\"><\/i><\/a><\/li><li class=\"social-imicon-logo-instagram\"><a href=\"https:\/\/www.instagram.com\/muchbettertravel\/\" target=\"_blank\" ><i class=\"imicon-logo-instagram\"><\/i><\/a><\/li><li class=\"social-imicon-logo-vk\"><a href=\"https:\/\/vk.com\/muchbettertravel\" target=\"_blank\" ><i class=\"imicon-logo-vk\"><\/i><\/a><\/li><li class=\"social-imicon-telegram\"><a href=\"https:\/\/t.me\/Muchbettertravel\" target=\"_blank\" ><i class=\"imicon-telegram\"><\/i><\/a><\/li><li class=\"social-imicon-logo-twitter\"><a href=\"https:\/\/twitter.com\/muchbettertravl\" target=\"_blank\" ><i class=\"imicon-logo-twitter\"><\/i><\/a><\/li><li class=\"social-imicon-logo-youtube\"><a href=\"https:\/\/www.youtube.com\/@muchbettertravel\" target=\"_blank\" ><i class=\"imicon-logo-youtube\"><\/i><\/a><\/li><\/ul><\/div><div class=\"imi-spacer\" id=\"imi-spacer-69e095e085ddc\" data-spacer-id=\"imi-spacer-69e095e085ddc\" data-spacer-lg=\"64px\" data-spacer-md=\"64px\" data-spacer-sm=\"32px\" data-spacer-xs=\"24px\"><\/div><div class=\"vc_row wpb_row vc_inner vc_row-fluid\"><div class=\"wpb_column vc_column_container vc_col-sm-4\"><div class=\"vc_column-inner\"><div class=\"wpb_wrapper\"><div id=\"imi-ibox__element_69e095e086333\" class=\"imi_ibox__element imi_hb_align_block\">\n\t\t\t<div class=\"border-radius-items border-radius-\">\n\t\t\t<div class=\"border-style-target border-radius-target bg-style-target post-item-content\" >\n\t\t\t<div class=\"icon-box ibox-icon-left   ibox-top-left ibox-outline ibox-icon-32\"><a href=\"tel:\/\/+908508887701\" title=\"tel:\/\/+908508887701\"><div class=\"ibox-icon secondary-color accent-color-border\" ><i class=\"fas fa-headset\" ><\/i><\/div><div class=\"ibox-text\"><h4 class=\"\" >\u041e\u0431\u0441\u043b\u0443\u0436\u0438\u0432\u0430\u043d\u0438\u0435 \u043a\u043b\u0438\u0435\u043d\u0442\u043e\u0432<\/h4><\/a><span class=\"\">+9 0850 888 77 01<\/span><\/div><\/div><\/div><\/div><\/div><\/div><\/div><\/div><div class=\"wpb_column vc_column_container vc_col-sm-4\"><div class=\"vc_column-inner\"><div class=\"wpb_wrapper\"><div id=\"imi-ibox__element_69e095e08653e\" class=\"imi_ibox__element imi_hb_align_block\">\n\t\t\t<div class=\"border-radius-items border-radius-\">\n\t\t\t<div class=\"border-style-target border-radius-target bg-style-target post-item-content\" >\n\t\t\t<div class=\"icon-box ibox-icon-left   ibox-top-left ibox-outline ibox-icon-32\"><a href=\"https:\/\/wa.me\/908508887702\" title=\"https:\/\/wa.me\/908508887702\"><div class=\"ibox-icon secondary-color accent-color-border\" ><i class=\"fab fa-whatsapp\" ><\/i><\/div><div class=\"ibox-text\"><h4 class=\"\" >\u0418\u043d\u0444\u043e\u0440\u043c\u0430\u0446\u0438\u043e\u043d\u043d\u0430\u044f \u043b\u0438\u043d\u0438\u044f WhatsApp<\/h4><\/a><span class=\"\">+90 850 888 77 02<\/span><\/div><\/div><\/div><\/div><\/div><\/div><\/div><\/div><div class=\"wpb_column vc_column_container vc_col-sm-4\"><div class=\"vc_column-inner\"><div class=\"wpb_wrapper\"><div id=\"imi-ibox__element_69e095e086734\" class=\"imi_ibox__element imi_hb_align_block\">\n\t\t\t<div class=\"border-radius-items border-radius-\">\n\t\t\t<div class=\"border-style-target border-radius-target bg-style-target post-item-content\" >\n\t\t\t<div class=\"icon-box ibox-icon-left   ibox-top-left ibox-outline ibox-icon-32\"><div class=\"ibox-icon secondary-color accent-color-border\" ><i class=\"fas fa-phone-alt\" ><\/i><\/div><div class=\"ibox-text\"><h4 class=\"\" >\u041d\u043e\u043c\u0435\u0440\u0430 \u0442\u0435\u043b\u0435\u0444\u043e\u043d\u043e\u0432<\/h4><span class=\"\">\ud83c\uddec\ud83c\udde7For English: +90 (850) 888 77 01<br \/>\n\ud83c\uddf7\ud83c\uddfa\u041d\u0430 \u0440\u0443\u0441\u0441\u043a\u043e\u043c: +90 (850) 888 77 02<br \/>\n\ud83c\udde9\ud83c\uddeaF\u00fcr Deutsch: +90 (850) 888 77 03<br \/>\n\ud83c\uddf8\ud83c\udde6\u0644\u0644\u063a\u0629 \u0627\u0644\u0639\u0631\u0628\u064a\u0629 :+90 (850) 888 77 04<br \/>\n\ud83c\uddeb\ud83c\uddf7Pour le Fran\u00e7ais : +90 (850) 888 77 04<br \/>\n\ud83c\uddea\ud83c\uddf8 Para Espa\u00f1ol : +90 (850) 888 77 05<\/span><\/div><\/div><\/div><\/div><\/div><\/div><\/div><\/div><\/div><\/div><\/div><\/div><\/div><div class=\"vc_row wpb_row vc_row-fluid\" style=\"position:relative\"><div class=\"wpb_column vc_column_container vc_col-sm-4\" style=\"position:relative\"><div class=\"vc_column-inner\"><div class=\"wpb_wrapper\"><div class=\"vc_empty_space\"   style=\"height: 64px\"><span class=\"vc_empty_space_inner\"><\/span><\/div><div id=\"imi-ibox__element_69e095e086ef3\" class=\"imi_ibox__element imi_hb_align_block\">\n\t\t\t<div class=\"border-radius-items border-radius-\">\n\t\t\t<div class=\"border-style-target border-radius-target bg-style-target post-item-content\" >\n\t\t\t<div class=\"icon-box ibox-icon-left   ibox-top-left ibox-outline ibox-icon-32\"><div class=\"ibox-icon third-color accent-color-border\" ><i class=\"fas fa-map-marker-alt\" ><\/i><\/div><div class=\"ibox-text\"><h4 class=\"\" >\u0410\u0434\u0440\u0435\u0441<\/h4><span class=\"\">MUCH BETTER TRAVEL ( REDTUL\u0130P TUR\u0130ZM SA\u011eLIK H\u0130ZM. T\u0130CARET VE SANAY\u0130 LTD. \u015eT\u0130. )<br \/>\nBalbey Mh. \u0130smet Pa\u015fa Cd. Alt\u0131ndan \u0130\u015f Han\u0131 No:14\/7 Muratpa\u015fa \/ ANTALYA<\/span><\/div><\/div><\/div><\/div><\/div><\/div><\/div><\/div><div class=\"wpb_column vc_column_container vc_col-sm-8\" style=\"position:relative\"><div class=\"vc_column-inner\"><div class=\"wpb_wrapper\"><div class=\"vc_empty_space\"   style=\"height: 64px\"><span class=\"vc_empty_space_inner\"><\/span><\/div>\n\t<div class=\"wpb_raw_code wpb_content_element wpb_raw_html\" >\n\t\t<div class=\"wpb_wrapper\">\n\t\t\t<iframe src=\"https:\/\/www.google.com\/maps\/embed?pb=!1m18!1m12!1m3!1d1690.3933556510349!2d30.70516067586128!3d36.88944609044314!2m3!1f0!2f0!3f0!3m2!1i1024!2i768!4f13.1!3m3!1m2!1s0x14c39153b3bf030f%3A0xd5e95ce68eaa1111!2sMuch%20Better%20Travel!5e0!3m2!1str!2str!4v1699023769065!5m2!1str!2str\" width=\"600\" height=\"450\" style=\"border:0;\" allowfullscreen=\"\" loading=\"lazy\" referrerpolicy=\"no-referrer-when-downgrade\"><\/iframe>\n\t\t<\/div>\n\t<\/div>\n<\/div><\/div><\/div><\/div>","protected":false},"excerpt":{"rendered":"Much Better Best For You Bizimle \u0130leti\u015fime Ge\u00e7in M\u00fc\u015fteri Hizmetleri+9 0850 888 77 01 WhatsApp Bilgi Hatt\u0131+90 850 888 77 02 Telefon Numaralar\u0131m\u0131z\ud83c\uddec\ud83c\udde7For English: +90 (850) 888 77 01 \ud83c\uddf7\ud83c\uddfa\u041d\u0430 \u0440\u0443\u0441\u0441\u043a\u043e\u043c: +90 (850) 888 77 02 \ud83c\udde9\ud83c\uddeaF\u00fcr Deutsch: +90 (850) 888 77 03 \ud83c\uddf8\ud83c\udde6\u0644\u0644\u063a\u0629 \u0627\u0644\u0639\u0631\u0628\u064a\u0629 :+90 (850) 888 77 04 \ud83c\uddeb\ud83c\uddf7Pour le Fran\u00e7ais : +90 (850) 888 77 04 \ud83c\uddea\ud83c\uddf8 Para Espa\u00f1ol : +90 (850) 888 77 05 AdresMUCH BETTER TRAVEL ( REDTUL\u0130P TUR\u0130ZM SA\u011eLIK H\u0130ZM. T\u0130CARET VE SANAY\u0130 LTD. \u015eT\u0130. ) Balbey Mh. \u0130smet Pa\u015fa Cd. Alt\u0131ndan \u0130\u015f Han\u0131 No:14\/7 Muratpa\u015fa \/ ANTALYA","protected":false},"author":1,"featured_media":0,"parent":0,"menu_order":0,"comment_status":"closed","ping_status":"closed","template":"","meta":{"footnotes":""},"class_list":["post-612","page","type-page","status-publish","hentry"],"yoast_head":"<!-- This site is optimized with the Yoast SEO plugin v23.4 - https:\/\/yoast.com\/wordpress\/plugins\/seo\/ -->\n<title>\u0130leti\u015fim - Much Better<\/title>\n<meta name=\"description\" content=\"\u0130leti\u015fim Much Better Travel Much Better \u0437\u0443\u0431 \u0438\u043c\u043f\u043b\u0430\u043d\u0442 \u0437\u0443\u0431\u0430 - Dental crown tooth -\" \/>\n<meta name=\"robots\" content=\"index, follow, max-snippet:-1, max-image-preview:large, max-video-preview:-1\" \/>\n<link rel=\"canonical\" href=\"https:\/\/www.muchbettertravel.com\/ru\/iletisim\/\" \/>\n<meta property=\"og:locale\" content=\"ru_RU\" \/>\n<meta property=\"og:type\" content=\"article\" \/>\n<meta property=\"og:title\" content=\"\u0130leti\u015fim - Much Better\" \/>\n<meta property=\"og:description\" content=\"\u0130leti\u015fim Much Better Travel Much Better \u0437\u0443\u0431 \u0438\u043c\u043f\u043b\u0430\u043d\u0442 \u0437\u0443\u0431\u0430 - Dental crown tooth -\" \/>\n<meta property=\"og:url\" content=\"https:\/\/www.muchbettertravel.com\/ru\/iletisim\/\" \/>\n<meta property=\"og:site_name\" content=\"Much Better\" \/>\n<meta property=\"article:publisher\" content=\"https:\/\/www.facebook.com\/muchbettertravels\" \/>\n<meta property=\"article:modified_time\" content=\"2023-11-03T18:53:02+00:00\" \/>\n<meta name=\"twitter:card\" content=\"summary_large_image\" \/>\n<meta name=\"twitter:site\" content=\"@muchbettertravl\" \/>\n<meta name=\"twitter:label1\" content=\"\u041f\u0440\u0438\u043c\u0435\u0440\u043d\u043e\u0435 \u0432\u0440\u0435\u043c\u044f \u0434\u043b\u044f \u0447\u0442\u0435\u043d\u0438\u044f\" \/>\n\t<meta name=\"twitter:data1\" content=\"3 \u043c\u0438\u043d\u0443\u0442\u044b\" \/>\n<script type=\"application\/ld+json\" class=\"yoast-schema-graph\">{\"@context\":\"https:\/\/schema.org\",\"@graph\":[{\"@type\":\"WebPage\",\"@id\":\"https:\/\/www.muchbettertravel.com\/iletisim\/\",\"url\":\"https:\/\/www.muchbettertravel.com\/iletisim\/\",\"name\":\"\u0130leti\u015fim - Much Better\",\"isPartOf\":{\"@id\":\"https:\/\/www.muchbettertravel.com\/tr\/#website\"},\"datePublished\":\"2022-08-30T06:49:07+00:00\",\"dateModified\":\"2023-11-03T18:53:02+00:00\",\"description\":\"\u0130leti\u015fim Much Better Travel Much Better \u0437\u0443\u0431 \u0438\u043c\u043f\u043b\u0430\u043d\u0442 \u0437\u0443\u0431\u0430 - Dental crown tooth -\",\"breadcrumb\":{\"@id\":\"https:\/\/www.muchbettertravel.com\/iletisim\/#breadcrumb\"},\"inLanguage\":\"ru-RU\",\"potentialAction\":[{\"@type\":\"ReadAction\",\"target\":[\"https:\/\/www.muchbettertravel.com\/iletisim\/\"]}]},{\"@type\":\"BreadcrumbList\",\"@id\":\"https:\/\/www.muchbettertravel.com\/iletisim\/#breadcrumb\",\"itemListElement\":[{\"@type\":\"ListItem\",\"position\":1,\"name\":\"Anasayfa\",\"item\":\"https:\/\/www.muchbettertravel.com\/\"},{\"@type\":\"ListItem\",\"position\":2,\"name\":\"\u0130leti\u015fim\"}]},{\"@type\":\"WebSite\",\"@id\":\"https:\/\/www.muchbettertravel.com\/tr\/#website\",\"url\":\"https:\/\/www.muchbettertravel.com\/tr\/\",\"name\":\"Much Better Travel\",\"description\":\"Travel Inside\",\"publisher\":{\"@id\":\"https:\/\/www.muchbettertravel.com\/tr\/#organization\"},\"potentialAction\":[{\"@type\":\"SearchAction\",\"target\":{\"@type\":\"EntryPoint\",\"urlTemplate\":\"https:\/\/www.muchbettertravel.com\/tr\/?s={search_term_string}\"},\"query-input\":{\"@type\":\"PropertyValueSpecification\",\"valueRequired\":true,\"valueName\":\"search_term_string\"}}],\"inLanguage\":\"ru-RU\"},{\"@type\":\"Organization\",\"@id\":\"https:\/\/www.muchbettertravel.com\/tr\/#organization\",\"name\":\"Much Better Travel\",\"url\":\"https:\/\/www.muchbettertravel.com\/tr\/\",\"logo\":{\"@type\":\"ImageObject\",\"inLanguage\":\"ru-RU\",\"@id\":\"https:\/\/www.muchbettertravel.com\/tr\/#\/schema\/logo\/image\/\",\"url\":\"https:\/\/www.muchbettertravel.com\/wp-content\/uploads\/2022\/09\/muchbetter-logo-e1662142517943.png\",\"contentUrl\":\"https:\/\/www.muchbettertravel.com\/wp-content\/uploads\/2022\/09\/muchbetter-logo-e1662142517943.png\",\"width\":75,\"height\":75,\"caption\":\"Much Better Travel\"},\"image\":{\"@id\":\"https:\/\/www.muchbettertravel.com\/tr\/#\/schema\/logo\/image\/\"},\"sameAs\":[\"https:\/\/www.facebook.com\/muchbettertravels\",\"https:\/\/x.com\/muchbettertravl\",\"https:\/\/www.instagram.com\/muchbettertravel\/\",\"https:\/\/vk.com\/muchbettertravel\",\"https:\/\/t.me\/Muchbettertravel\",\"https:\/\/www.youtube.com\/@muchbettertravel\"]}]}<\/script>\n<!-- \/ Yoast SEO plugin. -->","yoast_head_json":{"title":"\u0130leti\u015fim - Much Better","description":"\u0130leti\u015fim Much Better Travel Much Better \u0437\u0443\u0431 \u0438\u043c\u043f\u043b\u0430\u043d\u0442 \u0437\u0443\u0431\u0430 - Dental crown tooth -","robots":{"index":"index","follow":"follow","max-snippet":"max-snippet:-1","max-image-preview":"max-image-preview:large","max-video-preview":"max-video-preview:-1"},"canonical":"https:\/\/www.muchbettertravel.com\/ru\/iletisim\/","og_locale":"ru_RU","og_type":"article","og_title":"\u0130leti\u015fim - Much Better","og_description":"\u0130leti\u015fim Much Better Travel Much Better \u0437\u0443\u0431 \u0438\u043c\u043f\u043b\u0430\u043d\u0442 \u0437\u0443\u0431\u0430 - Dental crown tooth -","og_url":"https:\/\/www.muchbettertravel.com\/ru\/iletisim\/","og_site_name":"Much Better","article_publisher":"https:\/\/www.facebook.com\/muchbettertravels","article_modified_time":"2023-11-03T18:53:02+00:00","twitter_card":"summary_large_image","twitter_site":"@muchbettertravl","twitter_misc":{"\u041f\u0440\u0438\u043c\u0435\u0440\u043d\u043e\u0435 \u0432\u0440\u0435\u043c\u044f \u0434\u043b\u044f \u0447\u0442\u0435\u043d\u0438\u044f":"3 \u043c\u0438\u043d\u0443\u0442\u044b"},"schema":{"@context":"https:\/\/schema.org","@graph":[{"@type":"WebPage","@id":"https:\/\/www.muchbettertravel.com\/iletisim\/","url":"https:\/\/www.muchbettertravel.com\/iletisim\/","name":"\u0130leti\u015fim - Much Better","isPartOf":{"@id":"https:\/\/www.muchbettertravel.com\/tr\/#website"},"datePublished":"2022-08-30T06:49:07+00:00","dateModified":"2023-11-03T18:53:02+00:00","description":"\u0130leti\u015fim Much Better Travel Much Better \u0437\u0443\u0431 \u0438\u043c\u043f\u043b\u0430\u043d\u0442 \u0437\u0443\u0431\u0430 - Dental crown tooth -","breadcrumb":{"@id":"https:\/\/www.muchbettertravel.com\/iletisim\/#breadcrumb"},"inLanguage":"ru-RU","potentialAction":[{"@type":"ReadAction","target":["https:\/\/www.muchbettertravel.com\/iletisim\/"]}]},{"@type":"BreadcrumbList","@id":"https:\/\/www.muchbettertravel.com\/iletisim\/#breadcrumb","itemListElement":[{"@type":"ListItem","position":1,"name":"Anasayfa","item":"https:\/\/www.muchbettertravel.com\/"},{"@type":"ListItem","position":2,"name":"\u0130leti\u015fim"}]},{"@type":"WebSite","@id":"https:\/\/www.muchbettertravel.com\/tr\/#website","url":"https:\/\/www.muchbettertravel.com\/tr\/","name":"Much Better Travel","description":"Travel Inside","publisher":{"@id":"https:\/\/www.muchbettertravel.com\/tr\/#organization"},"potentialAction":[{"@type":"SearchAction","target":{"@type":"EntryPoint","urlTemplate":"https:\/\/www.muchbettertravel.com\/tr\/?s={search_term_string}"},"query-input":{"@type":"PropertyValueSpecification","valueRequired":true,"valueName":"search_term_string"}}],"inLanguage":"ru-RU"},{"@type":"Organization","@id":"https:\/\/www.muchbettertravel.com\/tr\/#organization","name":"Much Better Travel","url":"https:\/\/www.muchbettertravel.com\/tr\/","logo":{"@type":"ImageObject","inLanguage":"ru-RU","@id":"https:\/\/www.muchbettertravel.com\/tr\/#\/schema\/logo\/image\/","url":"https:\/\/www.muchbettertravel.com\/wp-content\/uploads\/2022\/09\/muchbetter-logo-e1662142517943.png","contentUrl":"https:\/\/www.muchbettertravel.com\/wp-content\/uploads\/2022\/09\/muchbetter-logo-e1662142517943.png","width":75,"height":75,"caption":"Much Better Travel"},"image":{"@id":"https:\/\/www.muchbettertravel.com\/tr\/#\/schema\/logo\/image\/"},"sameAs":["https:\/\/www.facebook.com\/muchbettertravels","https:\/\/x.com\/muchbettertravl","https:\/\/www.instagram.com\/muchbettertravel\/","https:\/\/vk.com\/muchbettertravel","https:\/\/t.me\/Muchbettertravel","https:\/\/www.youtube.com\/@muchbettertravel"]}]}},"_links":{"self":[{"href":"https:\/\/www.muchbettertravel.com\/ru\/wp-json\/wp\/v2\/pages\/612","targetHints":{"allow":["GET"]}}],"collection":[{"href":"https:\/\/www.muchbettertravel.com\/ru\/wp-json\/wp\/v2\/pages"}],"about":[{"href":"https:\/\/www.muchbettertravel.com\/ru\/wp-json\/wp\/v2\/types\/page"}],"author":[{"embeddable":true,"href":"https:\/\/www.muchbettertravel.com\/ru\/wp-json\/wp\/v2\/users\/1"}],"replies":[{"embeddable":true,"href":"https:\/\/www.muchbettertravel.com\/ru\/wp-json\/wp\/v2\/comments?post=612"}],"version-history":[{"count":52,"href":"https:\/\/www.muchbettertravel.com\/ru\/wp-json\/wp\/v2\/pages\/612\/revisions"}],"predecessor-version":[{"id":1140,"href":"https:\/\/www.muchbettertravel.com\/ru\/wp-json\/wp\/v2\/pages\/612\/revisions\/1140"}],"wp:attachment":[{"href":"https:\/\/www.muchbettertravel.com\/ru\/wp-json\/wp\/v2\/media?parent=612"}],"curies":[{"name":"wp","href":"https:\/\/api.w.org\/{rel}","templated":true}]}}