{"id":575,"date":"2020-04-25T12:26:24","date_gmt":"2020-04-25T12:26:24","guid":{"rendered":"http:\/\/cov19.local\/?page_id=2"},"modified":"2024-09-09T15:01:35","modified_gmt":"2024-09-09T15:01:35","slug":"anasayfa","status":"publish","type":"page","link":"https:\/\/www.muchbettertravel.com\/tr\/","title":{"rendered":"Anasayfa"},"content":{"rendered":"<div data-vc-full-width=\"true\" data-vc-full-width-init=\"false\" data-vc-stretch-content=\"true\" class=\"vc_row wpb_row vc_row-fluid accent-bg vc_custom_1725894093734 vc_row-has-fill vc_row-no-padding vc_row-o-equal-height vc_row-o-content-middle vc_row-flex\" style=\"position:absolute\"><div class=\"wpb_column vc_column_container vc_col-sm-12\" style=\"position:relative\"><div class=\"vc_column-inner\"><div class=\"wpb_wrapper\"><div class=\"imi-spacer \" id=\"imi-spacer-69e06a6731b6d\" data-spacer-id=\"imi-spacer-69e06a6731b6d\" data-spacer-lg=\"310px\" data-spacer-md=\"310px\" data-spacer-sm=\"200px\" data-spacer-xs=\"120px\"><\/div><\/div><\/div><\/div><div class=\"wpb_column vc_column_container vc_col-sm-12\" style=\"position:relative\"><div class=\"vc_column-inner\"><div class=\"wpb_wrapper\"><div class=\"imi-spacer \" id=\"imi-spacer-69e06a6731df5\" data-spacer-id=\"imi-spacer-69e06a6731df5\" data-spacer-lg=\"260px\" data-spacer-md=\"260px\" data-spacer-sm=\"210px\" data-spacer-xs=\"180px\"><\/div><\/div><\/div><\/div><\/div><div class=\"vc_row-full-width vc_clearfix\"><\/div><div data-vc-full-width=\"true\" data-vc-full-width-init=\"false\" class=\"vc_row wpb_row vc_row-fluid mobile-tb-spacing vc_custom_1592740391911 vc_row-has-fill vc_column-gap-30 vc_row-o-equal-height vc_row-flex\" style=\"position:relative\"><div class=\"wpb_column vc_column_container vc_col-sm-12\" style=\"position:relative\"><div class=\"vc_column-inner\"><div class=\"wpb_wrapper\"><\/div><\/div><\/div><div class=\"no-mobile-border wpb_column vc_column_container vc_col-sm-6\" style=\"position:relative\"><div class=\"vc_column-inner vc_custom_1593447191345\"><div class=\"wpb_wrapper\"><h6 style=\"text-align: left\" class=\"vc_custom_heading secondary-color sub-heading vc_custom_1697897632743\" >MUCH BETTER TRAVEL<\/h6><h2 style=\"text-align: left\" class=\"vc_custom_heading\" >Deneyiminizin her saniyesi keyif verecek<\/h2>\n\t<div class=\"wpb_text_column wpb_content_element \" >\n\t\t<div class=\"wpb_wrapper\">\n\t\t\t<p>Acentam\u0131z\u0131n \u00f6nceli\u011fi insan memnuniyetidir. Hizmet alan her birey, ba\u015f\u0131ndan sonuna kadar, g\u00fcvenli ve i\u015finde uzman ellerde, oldu\u011funu hisseder. \u00d6zel olarak haz\u0131rlanm\u0131\u015f operasyon dosyalar\u0131m\u0131z\u0131, b\u00fcy\u00fck bir titizlikle takip ederek, bizden beklentide bulunanlara, hayal ettiklerinden &#8221;<strong>\u00c7OK DAHA \u0130Y\u0130<\/strong>&#8221;sini veririz.<\/p>\n\n\t\t<\/div>\n\t<\/div>\n<style type=\"text\/css\">\n\t\t\t\t#imi-ibox__element_69e06a6732cc5.imi_ibox__element .icon-box:not(.ibox-plain) .ibox-icon:before\n\t\t\t\t{background:#f2f5fc}\n\t\t\t\t<\/style><div id=\"imi-ibox__element_69e06a6732cc5\" class=\"imi_ibox__element imi_hb_align_block vc_custom_1661866322737\">\n\t\t\t<div class=\"border-radius-items border-radius-     \">\n\t\t\t<div class=\"border-style-target border-radius-target bg-style-target post-item-content \" >\n\t\t\t<div class=\"icon-box ibox-icon-left ibox-valign_inline  ibox-top-left ibox-noborder ibox-icon-16 \"><div class=\"ibox-icon secondary-color\"  style=\"border-color:#f2f5fc\"><i class=\"vc-material vc-material-check\" ><\/i><\/div><div class=\"ibox-text\"><span class=\" accent-color\">Seyahatinizin her saniyesinden keyif alacaks\u0131n\u0131z.<\/span><\/div><\/div><\/div><\/div><\/div><style type=\"text\/css\">\n\t\t\t\t#imi-ibox__element_69e06a6732d9d.imi_ibox__element .icon-box:not(.ibox-plain) .ibox-icon:before\n\t\t\t\t{background:#f2f5fc}\n\t\t\t\t<\/style><div id=\"imi-ibox__element_69e06a6732d9d\" class=\"imi_ibox__element imi_hb_align_block vc_custom_1661866363441\">\n\t\t\t<div class=\"border-radius-items border-radius-     \">\n\t\t\t<div class=\"border-style-target border-radius-target bg-style-target post-item-content \" >\n\t\t\t<div class=\"icon-box ibox-icon-left ibox-valign_inline  ibox-top-left ibox-noborder ibox-icon-16 \"><div class=\"ibox-icon secondary-color\"  style=\"border-color:#f2f5fc\"><i class=\"vc-material vc-material-check\" ><\/i><\/div><div class=\"ibox-text\"><span class=\" accent-color\">Evinize hem sa\u011fl\u0131kl\u0131 hem de mutlu d\u00f6neceksiniz.<\/span><\/div><\/div><\/div><\/div><\/div><\/div><\/div><\/div><div class=\"wpb_column vc_column_container vc_col-sm-6\" style=\"position:relative\"><div class=\"vc_column-inner\"><div class=\"wpb_wrapper\"><div class=\"vc_empty_space\"   style=\"height: 20px\"><span class=\"vc_empty_space_inner\"><\/span><\/div><div id=\"imi-popup-video__element_69e06a6733222\" class=\"popup-video-button video-btn-align-center video-btn-medium video-btn-round box-shadow-big vc_custom_1661866646743\"><a href=\"https:\/\/www.youtube.com\/watch?v=ufdpP2l36SU\" class=\"magnific-video\"><div class=\"popup-video-link   accent-color\"  style=\"background-color:#ffffff\"><i class=\"imicon-button-play\"><\/i><\/div><\/a><img decoding=\"async\" src=\"https:\/\/www.muchbettertravel.com\/wp-content\/uploads\/2022\/08\/turkey-vid.webp\" alt=\"Video\"><\/div><\/div><\/div><\/div><\/div><div class=\"vc_row-full-width vc_clearfix\"><\/div><div data-vc-full-width=\"true\" data-vc-full-width-init=\"false\" class=\"vc_row wpb_row vc_row-fluid mobile-tb-spacing vc_custom_1661866884695 vc_row-has-fill\" style=\"position:relative\"><div class=\"wpb_column vc_column_container vc_col-sm-12\" style=\"position:relative\"><div class=\"vc_column-inner\"><div class=\"wpb_wrapper\"><div class=\"imi-spacer \" id=\"imi-spacer-69e06a6733c61\" data-spacer-id=\"imi-spacer-69e06a6733c61\" data-spacer-lg=\"100px\" data-spacer-md=\"100px\" data-spacer-sm=\"60px\" data-spacer-xs=\"100px\"><\/div><div class=\"vc_row wpb_row vc_inner vc_row-fluid\"><div class=\"wpb_column vc_column_container vc_col-sm-2 vc_hidden-sm vc_hidden-xs\"><div class=\"vc_column-inner\"><div class=\"wpb_wrapper\"><\/div><\/div><\/div><div class=\"wpb_column vc_column_container vc_col-sm-12 vc_col-lg-8 vc_col-md-8\"><div class=\"vc_column-inner\"><div class=\"wpb_wrapper\"><h6 style=\"text-align: center\" class=\"vc_custom_heading secondary-color sub-heading vc_custom_1661866800021\" >SERV\u0130SLER\u0130M\u0130Z<\/h6><h2 style=\"text-align: center\" class=\"vc_custom_heading vc_custom_1662198971608\" >Sizin \u0130\u00e7in Neler Yapabiliriz?<\/h2><\/div><\/div><\/div><div class=\"wpb_column vc_column_container vc_col-sm-2 vc_hidden-sm vc_hidden-xs\"><div class=\"vc_column-inner\"><div class=\"wpb_wrapper\"><\/div><\/div><\/div><\/div><div id=\"imi-cards__element_69e06a67348b8\" class=\"sort-destination-parent card-title-over-image border-radius-items border-radius-5px shadow-border-style      custom-bg-style  owl-padded      \" ><div class=\"carousel-wrapper\"><div class=\"imi-styled-row \"><ul class=\"owl-carousel equal-heighter carousel-fw class-carousel\" data-columns=\"3\" data-autoplay=\"no\" data-autoplay-timeout=\"\" data-pagination=\"no\" data-arrows=\"yes\" data-auto-height=\"no\" data-rtl=\"no\" data-loop=\"no\" data-margin=\"40\" data-columns-desktop=\"3\" data-columns-tab=\"2\" data-columns-mobile=\"1\"><li class=\"item site-item si-animate-top \">\n\t\t\t\t\t\t\t\t\t\t<div class=\"bg-style-target grid-item card-grid-item card-item card-carousel-item border-style-target border-radius-target format-standard\"><div class=\"card-media imi-item-media\"><img loading=\"lazy\" decoding=\"async\" class=\"\" src=\"https:\/\/www.muchbettertravel.com\/wp-content\/uploads\/2022\/09\/saglik-planlama-500x300.webp\" width=\"500\" height=\"300\" alt=\"saglik-planlama\" title=\"saglik-planlama\" \/><\/div><div class=\"card-info-static equal-height-column post-item-content\" style=\"background-color:rgba(255,255,255,0.85)\"><h4 class=\"card-title \" >Ki\u015fisel Sa\u011fl\u0131k Planlama<\/h4><div class=\"card-excerpt \"  style=\"\">Dan\u0131\u015fman\u0131n\u0131z ki\u015fisel sa\u011fl\u0131\u011f\u0131n\u0131zla ilgili detaylar\u0131 d\u00fczenler.<\/div><\/div><a href=\"\" class=\"stretched-link stretched-link-hw0\">Link<\/a><\/div><\/li><li class=\"item site-item si-animate-top \">\n\t\t\t\t\t\t\t\t\t\t<div class=\"bg-style-target grid-item card-grid-item card-item card-carousel-item border-style-target border-radius-target format-standard\"><div class=\"card-media imi-item-media\"><img loading=\"lazy\" decoding=\"async\" class=\"\" src=\"https:\/\/www.muchbettertravel.com\/wp-content\/uploads\/2022\/09\/etkinlik-ve-organizasyon-500x300.webp\" width=\"500\" height=\"300\" alt=\"etkinlik-ve-organizasyon\" title=\"etkinlik-ve-organizasyon\" \/><\/div><div class=\"card-info-static equal-height-column post-item-content\" style=\"background-color:rgba(255,255,255,0.85)\"><h4 class=\"card-title \" >Etkinlik Planlama<\/h4><div class=\"card-excerpt \"  style=\"\">Seyahatiniz boyunca etkinlik ve turlar\u0131m\u0131zla keyif alman\u0131z\u0131 sa\u011flar\u0131z.<\/div><\/div><\/div><\/li><li class=\"item site-item si-animate-top \">\n\t\t\t\t\t\t\t\t\t\t<div class=\"bg-style-target grid-item card-grid-item card-item card-carousel-item border-style-target border-radius-target format-standard\"><div class=\"card-media imi-item-media\"><img loading=\"lazy\" decoding=\"async\" class=\"\" src=\"https:\/\/www.muchbettertravel.com\/wp-content\/uploads\/2022\/09\/vip-transfer-500x300.webp\" width=\"500\" height=\"300\" alt=\"vip-transfer\" title=\"vip-transfer\" \/><\/div><div class=\"card-info-static equal-height-column post-item-content\" style=\"background-color:rgba(255,255,255,0.85)\"><h4 class=\"card-title \" >Vip Transferler<\/h4><div class=\"card-excerpt \"  style=\"\">Kendinizi krallar gibi hissetmeniz i\u00e7in elimizden geleni yap\u0131yoruz.<\/div><\/div><\/div><\/li><\/ul><\/div><\/div><\/div><div class=\"imi-spacer \" id=\"imi-spacer-69e06a67351d8\" data-spacer-id=\"imi-spacer-69e06a67351d8\" data-spacer-lg=\"120px\" data-spacer-md=\"120px\" data-spacer-sm=\"90px\" data-spacer-xs=\"70px\"><\/div><\/div><\/div><\/div><\/div><div class=\"vc_row-full-width vc_clearfix\"><\/div><div data-vc-full-width=\"true\" data-vc-full-width-init=\"false\" class=\"vc_row wpb_row vc_row-fluid accent-bg mobile-tb-spacing vc_custom_1661867082679 vc_row-has-fill\" style=\"position:relative\"><div class=\"wpb_column vc_column_container vc_col-sm-12\" style=\"position:relative\"><div class=\"vc_column-inner\"><div class=\"wpb_wrapper\"><div class=\"imi-spacer \" id=\"imi-spacer-69e06a67357c2\" data-spacer-id=\"imi-spacer-69e06a67357c2\" data-spacer-lg=\"128px\" data-spacer-md=\"128px\" data-spacer-sm=\"83px\" data-spacer-xs=\"63px\"><\/div><h6 style=\"text-align: center\" class=\"vc_custom_heading secondary-color sub-heading vc_custom_1661867129965\" >\u0130\u015e ORTAKLARIMIZ<\/h6><h2 style=\"text-align: center\" class=\"vc_custom_heading vc_custom_1661867144540\" >K\u0130MLERLE \u00c7ALI\u015eIYORUZ<\/h2><div id=\"imi-carousel__element_69e06a6735c62\" class=\"  owl-no-padding-class \"><div class=\"carousel-wrapper\"><div class=\"equal-heighter \"><ul class=\"owl-carousel carousel-fw imi-logo-carousel\" data-columns=\"5\" data-autoplay=\"yes\" data-autoplay-timeout=\"2000\" data-pagination=\"no\" data-arrows=\"yes\" data-auto-height=\"no\" data-rtl=\"no\" data-loop=\"yes\" data-margin=\"25\" data-columns-desktop=\"3\" data-columns-tab=\"3\" data-columns-mobile=\"3\"><li class=\"item\"><div class=\"logo-carousel-item equal-height-column lc-opacity8\"><div><div><img loading=\"lazy\" decoding=\"async\" class=\"\" src=\"https:\/\/www.muchbettertravel.com\/wp-content\/uploads\/2022\/12\/memorial.png\" width=\"150\" height=\"150\" alt=\"memorial\" title=\"memorial\" \/><\/div><\/div><\/div><\/li><li class=\"item\"><div class=\"logo-carousel-item equal-height-column lc-opacity8\"><div><div><img loading=\"lazy\" decoding=\"async\" class=\"\" src=\"https:\/\/www.muchbettertravel.com\/wp-content\/uploads\/2022\/12\/medicalpark.png\" width=\"150\" height=\"150\" alt=\"medicalpark\" title=\"medicalpark\" \/><\/div><\/div><\/div><\/li><li class=\"item\"><div class=\"logo-carousel-item equal-height-column lc-opacity8\"><div><div><img loading=\"lazy\" decoding=\"async\" class=\"\" src=\"https:\/\/www.muchbettertravel.com\/wp-content\/uploads\/2022\/12\/dunyagoz.png\" width=\"150\" height=\"150\" alt=\"dunyagoz\" title=\"dunyagoz\" \/><\/div><\/div><\/div><\/li><li class=\"item\"><div class=\"logo-carousel-item equal-height-column lc-opacity8\"><div><div><img loading=\"lazy\" decoding=\"async\" class=\"\" src=\"https:\/\/www.muchbettertravel.com\/wp-content\/uploads\/2023\/03\/anat.png\" width=\"150\" height=\"150\" alt=\"anat\" title=\"anat\" \/><\/div><\/div><\/div><\/li><\/ul><\/div><\/div><\/div><div class=\"vc_empty_space\"   style=\"height: 64px\"><span class=\"vc_empty_space_inner\"><\/span><\/div><\/div><\/div><\/div><\/div><div class=\"vc_row-full-width vc_clearfix\"><\/div><div data-vc-full-width=\"true\" data-vc-full-width-init=\"false\" class=\"vc_row wpb_row vc_row-fluid secondary-bg vc_custom_1591270688026 vc_row-has-fill vc_row-o-content-middle vc_row-flex\" style=\"position:relative\"><div class=\"wpb_column vc_column_container vc_col-sm-12\" style=\"position:relative\"><div class=\"vc_column-inner\"><div class=\"wpb_wrapper\"><div class=\"imi-spacer \" id=\"imi-spacer-69e06a6736ccb\" data-spacer-id=\"imi-spacer-69e06a6736ccb\" data-spacer-lg=\"110px\" data-spacer-md=\"110px\" data-spacer-sm=\"80px\" data-spacer-xs=\"60px\"><\/div><\/div><\/div><\/div><div class=\"wpb_column vc_column_container vc_col-sm-6 vc_col-lg-6 vc_col-md-6\" style=\"position:relative\"><div class=\"vc_column-inner\"><div class=\"wpb_wrapper\"><h2 style=\"color: #ffffff;text-align: left\" class=\"vc_custom_heading\" ><a href=\"https:\/\/www.muchbettertravel.com\/duyurular\/\" title=\"{:tr}Duyurular{:}{:en}News{:}{:ar}\u0627\u0644\u0625\u0639\u0644\u0627\u0646\u0627\u062a{:}\">FAYDALI MAKALELER<\/a><\/h2><\/div><\/div><\/div><div class=\"wpb_column vc_column_container vc_col-sm-6 vc_col-lg-6 vc_col-md-6\" style=\"position:relative\"><div class=\"vc_column-inner\"><div class=\"wpb_wrapper\"><div class=\"vc_btn3-container  mobile-text-left vc_btn3-right\"><a class=\"vc_general vc_btn3 vc_btn3-size-md vc_btn3-shape-rounded vc_btn3-style-flat vc_btn3-icon-right vc_btn3-color-theme_primary_btn\" href=\"https:\/\/www.muchbettertravel.com\/duyurular\/\" title=\"News\" target=\"_self\">Duyurulara Git <i class=\"vc_btn3-icon vc-material vc-material-arrow_forward\"><\/i><\/a><\/div>\n<\/div><\/div><\/div><div class=\"wpb_column vc_column_container vc_col-sm-12\" style=\"position:relative\"><div class=\"vc_column-inner\"><div class=\"wpb_wrapper\"><div class=\"imi-spacer \" id=\"imi-spacer-69e06a67378c1\" data-spacer-id=\"imi-spacer-69e06a67378c1\" data-spacer-lg=\"45px\" data-spacer-md=\"45px\" data-spacer-sm=\"30px\" data-spacer-xs=\"20px\"><\/div><div id=\"imi-posts__element69e06a6737d91\" class=\"sort-destination-parent  border-radius-items border-radius-5px shadow-border-style owl-arrows-over spaced-items light-skin-style   custom-bg-style owl-no-padding-class owl-padded style-no-grayscale-images style-overlay-no-bg style-overlay-light-bg style-no-overlay-hover style-yes-grayscale-hover  no-bg-style\" data-layout=\"masonry\"><div class=\"carousel-wrapper\"><div class=\"imi-styled-row equal-heighter \"><ul class=\"owl-carousel carousel-fw posts-carousel blog-posts\" data-columns=\"3\" data-autoplay=\"no\" data-autoplay-timeout=\"\" data-pagination=\"no\" data-arrows=\"yes\" data-auto-height=\"no\" data-rtl=\"no\" data-loop=\"yes\" data-margin=\"40\" data-columns-desktop=\"2\" data-columns-tab=\"2\" data-columns-mobile=\"1\"><\/ul><\/div><\/div><\/div><div class=\"imi-spacer \" id=\"imi-spacer-69e06a67384c1\" data-spacer-id=\"imi-spacer-69e06a67384c1\" data-spacer-lg=\"120px\" data-spacer-md=\"120px\" data-spacer-sm=\"90px\" data-spacer-xs=\"70px\"><\/div><\/div><\/div><\/div><\/div><div class=\"vc_row-full-width vc_clearfix\"><\/div>\n","protected":false},"excerpt":{"rendered":"MUCH BETTER TRAVELDeneyiminizin her saniyesi keyif verecek Acentam\u0131z\u0131n \u00f6nceli\u011fi insan memnuniyetidir. Hizmet alan her birey, ba\u015f\u0131ndan sonuna kadar, g\u00fcvenli ve i\u015finde uzman ellerde, oldu\u011funu hisseder. \u00d6zel olarak haz\u0131rlanm\u0131\u015f operasyon dosyalar\u0131m\u0131z\u0131, b\u00fcy\u00fck bir titizlikle takip ederek, bizden beklentide bulunanlara, hayal ettiklerinden ''\u00c7OK DAHA \u0130Y\u0130''sini veririz. Seyahatinizin her saniyesinden keyif alacaks\u0131n\u0131z. Evinize hem sa\u011fl\u0131kl\u0131 hem de mutlu d\u00f6neceksiniz.SERV\u0130SLER\u0130M\u0130ZSizin \u0130\u00e7in Neler Yapabiliriz? Ki\u015fisel Sa\u011fl\u0131k PlanlamaDan\u0131\u015fman\u0131n\u0131z ki\u015fisel sa\u011fl\u0131\u011f\u0131n\u0131zla ilgili detaylar\u0131 d\u00fczenler.Link Etkinlik PlanlamaSeyahatiniz boyunca etkinlik ve turlar\u0131m\u0131zla keyif alman\u0131z\u0131 sa\u011flar\u0131z. Vip TransferlerKendinizi krallar gibi hissetmeniz i\u00e7in elimizden geleni yap\u0131yoruz.\u0130\u015e ORTAKLARIMIZK\u0130MLERLE \u00c7ALI\u015eIYORUZFAYDALI MAKALELERDuyurulara Git","protected":false},"author":1,"featured_media":0,"parent":0,"menu_order":0,"comment_status":"closed","ping_status":"closed","template":"","meta":{"footnotes":""},"class_list":["post-575","page","type-page","status-publish","hentry"],"yoast_head":"<!-- This site is optimized with the Yoast SEO plugin v23.4 - https:\/\/yoast.com\/wordpress\/plugins\/seo\/ -->\n<title>Anasayfa - Much Better<\/title>\n<meta name=\"description\" content=\"Anasayfa Much Better Travel Much Better \u0437\u0443\u0431 \u0438\u043c\u043f\u043b\u0430\u043d\u0442 \u0437\u0443\u0431\u0430 - Dental crown tooth -\" \/>\n<meta name=\"robots\" content=\"index, follow, max-snippet:-1, max-image-preview:large, max-video-preview:-1\" \/>\n<link rel=\"canonical\" href=\"https:\/\/www.muchbettertravel.com\/tr\/\" \/>\n<meta property=\"og:locale\" content=\"tr_TR\" \/>\n<meta property=\"og:type\" content=\"article\" \/>\n<meta property=\"og:title\" content=\"Anasayfa - Much Better\" \/>\n<meta property=\"og:description\" content=\"Anasayfa Much Better Travel Much Better \u0437\u0443\u0431 \u0438\u043c\u043f\u043b\u0430\u043d\u0442 \u0437\u0443\u0431\u0430 - Dental crown tooth -\" \/>\n<meta property=\"og:url\" content=\"https:\/\/www.muchbettertravel.com\/tr\/\" \/>\n<meta property=\"og:site_name\" content=\"Much Better\" \/>\n<meta property=\"article:publisher\" content=\"https:\/\/www.facebook.com\/muchbettertravels\" \/>\n<meta property=\"article:modified_time\" content=\"2024-09-09T15:01:35+00:00\" \/>\n<meta name=\"twitter:card\" content=\"summary_large_image\" \/>\n<meta name=\"twitter:site\" content=\"@muchbettertravl\" \/>\n<meta name=\"twitter:label1\" content=\"Tahmini okuma s\u00fcresi\" \/>\n\t<meta name=\"twitter:data1\" content=\"3 dakika\" \/>\n<script type=\"application\/ld+json\" class=\"yoast-schema-graph\">{\"@context\":\"https:\/\/schema.org\",\"@graph\":[{\"@type\":\"WebPage\",\"@id\":\"https:\/\/www.muchbettertravel.com\/\",\"url\":\"https:\/\/www.muchbettertravel.com\/\",\"name\":\"Anasayfa - Much Better\",\"isPartOf\":{\"@id\":\"https:\/\/www.muchbettertravel.com\/tr\/#website\"},\"datePublished\":\"2020-04-25T12:26:24+00:00\",\"dateModified\":\"2024-09-09T15:01:35+00:00\",\"description\":\"Anasayfa Much Better Travel Much Better \u0437\u0443\u0431 \u0438\u043c\u043f\u043b\u0430\u043d\u0442 \u0437\u0443\u0431\u0430 - Dental crown tooth -\",\"breadcrumb\":{\"@id\":\"https:\/\/www.muchbettertravel.com\/#breadcrumb\"},\"inLanguage\":\"tr\",\"potentialAction\":[{\"@type\":\"ReadAction\",\"target\":[\"https:\/\/www.muchbettertravel.com\/\"]}]},{\"@type\":\"BreadcrumbList\",\"@id\":\"https:\/\/www.muchbettertravel.com\/#breadcrumb\",\"itemListElement\":[{\"@type\":\"ListItem\",\"position\":1,\"name\":\"Anasayfa\",\"item\":\"https:\/\/www.muchbettertravel.com\/\"},{\"@type\":\"ListItem\",\"position\":2,\"name\":\"Anasayfa\"}]},{\"@type\":\"WebSite\",\"@id\":\"https:\/\/www.muchbettertravel.com\/tr\/#website\",\"url\":\"https:\/\/www.muchbettertravel.com\/tr\/\",\"name\":\"Much Better Travel\",\"description\":\"Travel Inside\",\"publisher\":{\"@id\":\"https:\/\/www.muchbettertravel.com\/tr\/#organization\"},\"potentialAction\":[{\"@type\":\"SearchAction\",\"target\":{\"@type\":\"EntryPoint\",\"urlTemplate\":\"https:\/\/www.muchbettertravel.com\/tr\/?s={search_term_string}\"},\"query-input\":{\"@type\":\"PropertyValueSpecification\",\"valueRequired\":true,\"valueName\":\"search_term_string\"}}],\"inLanguage\":\"tr\"},{\"@type\":\"Organization\",\"@id\":\"https:\/\/www.muchbettertravel.com\/tr\/#organization\",\"name\":\"Much Better Travel\",\"url\":\"https:\/\/www.muchbettertravel.com\/tr\/\",\"logo\":{\"@type\":\"ImageObject\",\"inLanguage\":\"tr\",\"@id\":\"https:\/\/www.muchbettertravel.com\/tr\/#\/schema\/logo\/image\/\",\"url\":\"https:\/\/www.muchbettertravel.com\/wp-content\/uploads\/2022\/09\/muchbetter-logo-e1662142517943.png\",\"contentUrl\":\"https:\/\/www.muchbettertravel.com\/wp-content\/uploads\/2022\/09\/muchbetter-logo-e1662142517943.png\",\"width\":75,\"height\":75,\"caption\":\"Much Better Travel\"},\"image\":{\"@id\":\"https:\/\/www.muchbettertravel.com\/tr\/#\/schema\/logo\/image\/\"},\"sameAs\":[\"https:\/\/www.facebook.com\/muchbettertravels\",\"https:\/\/x.com\/muchbettertravl\",\"https:\/\/www.instagram.com\/muchbettertravel\/\",\"https:\/\/vk.com\/muchbettertravel\",\"https:\/\/t.me\/Muchbettertravel\",\"https:\/\/www.youtube.com\/@muchbettertravel\"]}]}<\/script>\n<!-- \/ Yoast SEO plugin. -->","yoast_head_json":{"title":"Anasayfa - Much Better","description":"Anasayfa Much Better Travel Much Better \u0437\u0443\u0431 \u0438\u043c\u043f\u043b\u0430\u043d\u0442 \u0437\u0443\u0431\u0430 - Dental crown tooth -","robots":{"index":"index","follow":"follow","max-snippet":"max-snippet:-1","max-image-preview":"max-image-preview:large","max-video-preview":"max-video-preview:-1"},"canonical":"https:\/\/www.muchbettertravel.com\/tr\/","og_locale":"tr_TR","og_type":"article","og_title":"Anasayfa - Much Better","og_description":"Anasayfa Much Better Travel Much Better \u0437\u0443\u0431 \u0438\u043c\u043f\u043b\u0430\u043d\u0442 \u0437\u0443\u0431\u0430 - Dental crown tooth -","og_url":"https:\/\/www.muchbettertravel.com\/tr\/","og_site_name":"Much Better","article_publisher":"https:\/\/www.facebook.com\/muchbettertravels","article_modified_time":"2024-09-09T15:01:35+00:00","twitter_card":"summary_large_image","twitter_site":"@muchbettertravl","twitter_misc":{"Tahmini okuma s\u00fcresi":"3 dakika"},"schema":{"@context":"https:\/\/schema.org","@graph":[{"@type":"WebPage","@id":"https:\/\/www.muchbettertravel.com\/","url":"https:\/\/www.muchbettertravel.com\/","name":"Anasayfa - Much Better","isPartOf":{"@id":"https:\/\/www.muchbettertravel.com\/tr\/#website"},"datePublished":"2020-04-25T12:26:24+00:00","dateModified":"2024-09-09T15:01:35+00:00","description":"Anasayfa Much Better Travel Much Better \u0437\u0443\u0431 \u0438\u043c\u043f\u043b\u0430\u043d\u0442 \u0437\u0443\u0431\u0430 - Dental crown tooth -","breadcrumb":{"@id":"https:\/\/www.muchbettertravel.com\/#breadcrumb"},"inLanguage":"tr","potentialAction":[{"@type":"ReadAction","target":["https:\/\/www.muchbettertravel.com\/"]}]},{"@type":"BreadcrumbList","@id":"https:\/\/www.muchbettertravel.com\/#breadcrumb","itemListElement":[{"@type":"ListItem","position":1,"name":"Anasayfa","item":"https:\/\/www.muchbettertravel.com\/"},{"@type":"ListItem","position":2,"name":"Anasayfa"}]},{"@type":"WebSite","@id":"https:\/\/www.muchbettertravel.com\/tr\/#website","url":"https:\/\/www.muchbettertravel.com\/tr\/","name":"Much Better Travel","description":"Travel Inside","publisher":{"@id":"https:\/\/www.muchbettertravel.com\/tr\/#organization"},"potentialAction":[{"@type":"SearchAction","target":{"@type":"EntryPoint","urlTemplate":"https:\/\/www.muchbettertravel.com\/tr\/?s={search_term_string}"},"query-input":{"@type":"PropertyValueSpecification","valueRequired":true,"valueName":"search_term_string"}}],"inLanguage":"tr"},{"@type":"Organization","@id":"https:\/\/www.muchbettertravel.com\/tr\/#organization","name":"Much Better Travel","url":"https:\/\/www.muchbettertravel.com\/tr\/","logo":{"@type":"ImageObject","inLanguage":"tr","@id":"https:\/\/www.muchbettertravel.com\/tr\/#\/schema\/logo\/image\/","url":"https:\/\/www.muchbettertravel.com\/wp-content\/uploads\/2022\/09\/muchbetter-logo-e1662142517943.png","contentUrl":"https:\/\/www.muchbettertravel.com\/wp-content\/uploads\/2022\/09\/muchbetter-logo-e1662142517943.png","width":75,"height":75,"caption":"Much Better Travel"},"image":{"@id":"https:\/\/www.muchbettertravel.com\/tr\/#\/schema\/logo\/image\/"},"sameAs":["https:\/\/www.facebook.com\/muchbettertravels","https:\/\/x.com\/muchbettertravl","https:\/\/www.instagram.com\/muchbettertravel\/","https:\/\/vk.com\/muchbettertravel","https:\/\/t.me\/Muchbettertravel","https:\/\/www.youtube.com\/@muchbettertravel"]}]}},"_links":{"self":[{"href":"https:\/\/www.muchbettertravel.com\/tr\/wp-json\/wp\/v2\/pages\/575","targetHints":{"allow":["GET"]}}],"collection":[{"href":"https:\/\/www.muchbettertravel.com\/tr\/wp-json\/wp\/v2\/pages"}],"about":[{"href":"https:\/\/www.muchbettertravel.com\/tr\/wp-json\/wp\/v2\/types\/page"}],"author":[{"embeddable":true,"href":"https:\/\/www.muchbettertravel.com\/tr\/wp-json\/wp\/v2\/users\/1"}],"replies":[{"embeddable":true,"href":"https:\/\/www.muchbettertravel.com\/tr\/wp-json\/wp\/v2\/comments?post=575"}],"version-history":[{"count":58,"href":"https:\/\/www.muchbettertravel.com\/tr\/wp-json\/wp\/v2\/pages\/575\/revisions"}],"predecessor-version":[{"id":1216,"href":"https:\/\/www.muchbettertravel.com\/tr\/wp-json\/wp\/v2\/pages\/575\/revisions\/1216"}],"wp:attachment":[{"href":"https:\/\/www.muchbettertravel.com\/tr\/wp-json\/wp\/v2\/media?parent=575"}],"curies":[{"name":"wp","href":"https:\/\/api.w.org\/{rel}","templated":true}]}}